{"id":7392,"date":"2021-01-26T10:47:21","date_gmt":"2021-01-26T10:47:21","guid":{"rendered":"https:\/\/ecemarble.com\/classic-travertine\/"},"modified":"2026-02-18T08:08:33","modified_gmt":"2026-02-18T08:08:33","slug":"classic-travertine","status":"publish","type":"page","link":"https:\/\/ecemarble.com\/en\/classic-travertine\/","title":{"rendered":"Classic Travertine"},"content":{"rendered":"\t\t<div data-elementor-type=\"wp-page\" data-elementor-id=\"7392\" class=\"elementor elementor-7392 elementor-743\" data-elementor-settings=\"{&quot;ha_cmc_init_switcher&quot;:&quot;no&quot;}\" data-elementor-post-type=\"page\">\n\t\t\t\t\t\t<section class=\"has_eae_slider elementor-section elementor-top-section elementor-element elementor-element-3f785df elementor-section-boxed elementor-section-height-default elementor-section-height-default\" data-eae-slider=\"16910\" data-id=\"3f785df\" data-element_type=\"section\" data-e-type=\"section\" data-settings=\"{&quot;background_background&quot;:&quot;classic&quot;,&quot;_ha_eqh_enable&quot;:false}\">\n\t\t\t\t\t\t<div class=\"elementor-container elementor-column-gap-default\">\n\t\t\t\t\t<div class=\"has_eae_slider elementor-column elementor-col-50 elementor-top-column elementor-element elementor-element-3f45a85\" data-eae-slider=\"27514\" data-id=\"3f45a85\" data-element_type=\"column\" data-e-type=\"column\">\n\t\t\t<div class=\"elementor-widget-wrap elementor-element-populated\">\n\t\t\t\t\t\t<div class=\"elementor-element elementor-element-1c7773c elementor-widget elementor-widget-heading\" data-id=\"1c7773c\" data-element_type=\"widget\" data-e-type=\"widget\" data-widget_type=\"heading.default\">\n\t\t\t\t<div class=\"elementor-widget-container\">\n\t\t\t\t\t<h1 class=\"elementor-heading-title elementor-size-default\">CLASSIC TRAVERTINE<\/h1>\t\t\t\t<\/div>\n\t\t\t\t<\/div>\n\t\t\t\t\t<\/div>\n\t\t<\/div>\n\t\t\t\t<div class=\"has_eae_slider elementor-column elementor-col-50 elementor-top-column elementor-element elementor-element-166e3d9\" data-eae-slider=\"12815\" data-id=\"166e3d9\" data-element_type=\"column\" data-e-type=\"column\">\n\t\t\t<div class=\"elementor-widget-wrap elementor-element-populated\">\n\t\t\t\t\t\t<div class=\"elementor-element elementor-element-657765c elementor-widget elementor-widget-shortcode\" data-id=\"657765c\" data-element_type=\"widget\" data-e-type=\"widget\" id=\"category-breadcrumb\" data-widget_type=\"shortcode.default\">\n\t\t\t\t<div class=\"elementor-widget-container\">\n\t\t\t\t\t\t\t<div class=\"elementor-shortcode\"><nav aria-label=\"breadcrumbs\" class=\"rank-math-breadcrumb\"><p><span class=\"last\">Home<\/span><\/p><\/nav><\/div>\n\t\t\t\t\t\t<\/div>\n\t\t\t\t<\/div>\n\t\t\t\t\t<\/div>\n\t\t<\/div>\n\t\t\t\t\t<\/div>\n\t\t<\/section>\n\t\t\t\t<section class=\"has_eae_slider elementor-section elementor-top-section elementor-element elementor-element-491ecd5 elementor-section-boxed elementor-section-height-default elementor-section-height-default\" data-eae-slider=\"61921\" data-id=\"491ecd5\" data-element_type=\"section\" data-e-type=\"section\" data-settings=\"{&quot;_ha_eqh_enable&quot;:false}\">\n\t\t\t\t\t\t<div class=\"elementor-container elementor-column-gap-default\">\n\t\t\t\t\t<div class=\"has_eae_slider elementor-column elementor-col-100 elementor-top-column elementor-element elementor-element-f845f1b\" data-eae-slider=\"64396\" data-id=\"f845f1b\" data-element_type=\"column\" data-e-type=\"column\">\n\t\t\t<div class=\"elementor-widget-wrap elementor-element-populated\">\n\t\t\t\t\t\t<div class=\"elementor-element elementor-element-b8d0960 elementor-widget-divider--view-line elementor-widget elementor-widget-divider\" data-id=\"b8d0960\" data-element_type=\"widget\" data-e-type=\"widget\" data-widget_type=\"divider.default\">\n\t\t\t\t<div class=\"elementor-widget-container\">\n\t\t\t\t\t\t\t<div class=\"elementor-divider\">\n\t\t\t<span class=\"elementor-divider-separator\">\n\t\t\t\t\t\t<\/span>\n\t\t<\/div>\n\t\t\t\t\t\t<\/div>\n\t\t\t\t<\/div>\n\t\t\t\t\t<\/div>\n\t\t<\/div>\n\t\t\t\t\t<\/div>\n\t\t<\/section>\n\t\t\t\t<section class=\"has_eae_slider elementor-section elementor-top-section elementor-element elementor-element-8216585 elementor-section-boxed elementor-section-height-default elementor-section-height-default\" data-eae-slider=\"7726\" data-id=\"8216585\" data-element_type=\"section\" data-e-type=\"section\" id=\"category-layout-settings\" data-settings=\"{&quot;background_background&quot;:&quot;classic&quot;,&quot;_ha_eqh_enable&quot;:false}\">\n\t\t\t\t\t\t<div class=\"elementor-container elementor-column-gap-default\">\n\t\t\t\t\t<div class=\"has_eae_slider elementor-column elementor-col-33 elementor-top-column elementor-element elementor-element-9266e56\" data-eae-slider=\"61318\" data-id=\"9266e56\" data-element_type=\"column\" data-e-type=\"column\">\n\t\t\t<div class=\"elementor-widget-wrap elementor-element-populated\">\n\t\t\t\t\t\t<div class=\"elementor-element elementor-element-7a60971 elementor-widget elementor-widget-sidebar\" data-id=\"7a60971\" data-element_type=\"widget\" data-e-type=\"widget\" data-widget_type=\"sidebar.default\">\n\t\t\t\t<div class=\"elementor-widget-container\">\n\t\t\t\t\t<div class=\"widget_text widget widget_custom_html\"><div class=\"textwidget custom-html-widget\"><link href=\"https:\/\/fonts.googleapis.com\/css2?family=Unbounded:wght@400;500;600&display=swap\" rel=\"stylesheet\">\r\n\r\n<style>\r\n.custom-accordion{width:100%;max-width:380px;margin:auto;border-radius:10px;box-shadow:0 4px 12px rgba(0,0,0,0.1);background:#fff;overflow:hidden;font-family:'Unbounded',sans-serif}\r\n.custom-accordion-item{border-bottom:1px solid #ddd}\r\n.custom-accordion a.current-page{color:var(--accent-gold)!important;font-weight:600}\r\n.custom-accordion-header,.custom-accordion-subheader{background:#fff;padding:15px 18px;display:flex;justify-content:space-between;align-items:center}\r\n.custom-accordion-subheader a,.custom-sub-items li a{font-family:'Rubik',sans-serif}\r\n.custom-accordion-header a,.custom-accordion-subheader a{font-size:15px;font-weight:500;color:#000;text-decoration:none;flex:1}\r\n.custom-accordion-header a{font-weight:normal!important}\r\n.custom-accordion-header a:hover,.custom-accordion-subheader a:hover{color:var(--accent-gold)}\r\n.accordion-toggle{width:22px;height:22px;border:1px solid #ddd;border-radius:50%;display:flex;align-items:center;justify-content:center;cursor:pointer}\r\n.accordion-toggle::before{content:\"\u203a\";font-size:16px;color:#000;transition:transform .3s ease,color .3s ease}\r\n.custom-accordion-item.active>.custom-accordion-header .accordion-toggle::before,.custom-accordion-subheader.active .accordion-toggle::before{transform:rotate(90deg);color:var(--accent-gold)}\r\n.custom-accordion-content{max-height:0;overflow:hidden;background:#fafafa;transition:max-height .4s ease,padding .3s ease;border-left:3px solid var(--accent-gold)}\r\n.custom-accordion-item.active>.custom-accordion-content{max-height:none;overflow-y:auto;scrollbar-width:thin;scrollbar-color:var(--accent-gold) #f1f1f1}\r\n.custom-accordion-item.active>.custom-accordion-content::-webkit-scrollbar{width:6px}\r\n.custom-accordion-item.active>.custom-accordion-content::-webkit-scrollbar-track{background:#f1f1f1}\r\n.custom-accordion-item.active>.custom-accordion-content::-webkit-scrollbar-thumb{background-color:var(--accent-gold);border-radius:3px}\r\n.custom-sub-items ul{max-height:0;overflow:hidden;background:#fafafa;transition:max-height .4s ease,padding .3s ease;border-left:none}\r\n.custom-accordion-subheader.active+ul{max-height:800px}\r\n.custom-sub-items>li{padding-left:15px}\r\n.custom-sub-items ul li{padding-left:30px}\r\n.custom-sub-items{list-style:none;margin:0;padding:0}\r\n.custom-sub-items li{border-bottom:1px solid #eee}\r\n.custom-sub-items li a{display:block;padding:10px 16px;font-size:14px;color:#000;text-decoration:none;transition:background .3s,color .3s}\r\n.custom-sub-items li a:hover{background:#f8f8f8;color:var(--accent-gold)}\r\n.custom-sub-items ul li a::before{content:\"\u2022\";margin-right:8px;color:var(--accent-gold);font-size:14px}\r\n<\/style>\r\n\r\n<div class=\"custom-accordion\">\r\n\r\n  <div class=\"custom-accordion-item\">\r\n    <div class=\"custom-accordion-header\">\r\n      <a rel=\"nofollow noopener noreferrer\" href=\"https:\/\/ecemarble.com\/en\/dolomite-marble\">DOLOMITE MARBLE<\/a>\r\n      <span class=\"accordion-toggle\"><\/span>\r\n    <\/div>\r\n    <div class=\"custom-accordion-content\">\r\n      <ul class=\"custom-sub-items\">\r\n        <li><a rel=\"nofollow noopener noreferrer\" href=\"https:\/\/ecemarble.com\/en\/active-dolomite\">Active Dolomite<\/a><\/li>\r\n        <li><a rel=\"nofollow noopener noreferrer\" href=\"https:\/\/ecemarble.com\/en\/dolomite-spider\">Dolomite Spider<\/a><\/li>\r\n        <li><a rel=\"nofollow noopener noreferrer\" href=\"https:\/\/ecemarble.com\/en\/white-dolomite-marble\">White Dolomite Marble<\/a><\/li>\r\n      <\/ul>\r\n    <\/div>\r\n  <\/div>\r\n\r\n  <div class=\"custom-accordion-item\">\r\n    <div class=\"custom-accordion-header\">\r\n      <a rel=\"nofollow noopener noreferrer\" href=\"https:\/\/ecemarble.com\/en\/marble\">MARBLE<\/a>\r\n      <span class=\"accordion-toggle\"><\/span>\r\n    <\/div>\r\n    <div class=\"custom-accordion-content\">\r\n      <ul class=\"custom-sub-items\">\r\n\r\n        <li>\r\n          <div class=\"custom-accordion-subheader\">\r\n            <a rel=\"nofollow noopener noreferrer\" href=\"https:\/\/ecemarble.com\/en\/white-marble\">White Marble<\/a>\r\n            <span class=\"accordion-toggle\"><\/span>\r\n          <\/div>\r\n          <ul class=\"custom-sub-items\">\r\n            <li><a rel=\"nofollow noopener noreferrer\" href=\"https:\/\/ecemarble.com\/en\/calacatta-marble\">Calacatta Marble<\/a><\/li>\r\n            <li><a rel=\"nofollow noopener noreferrer\" href=\"https:\/\/ecemarble.com\/en\/marmara-marble\">Marmara Marble<\/a><\/li>\r\n            <li><a rel=\"nofollow noopener noreferrer\" href=\"https:\/\/ecemarble.com\/en\/mugla-white\">Mu\u011fla White<\/a><\/li>\r\n            <li><a rel=\"nofollow noopener noreferrer\" href=\"https:\/\/ecemarble.com\/en\/kemalpasa-white-marble\">Kemalpa\u015fa White<\/a><\/li>\r\n          <\/ul>\r\n        <\/li>\r\n\r\n        <li>\r\n          <div class=\"custom-accordion-subheader\">\r\n            <a rel=\"nofollow noopener noreferrer\" href=\"https:\/\/ecemarble.com\/en\/beige-marble\">Beige Marble<\/a>\r\n            <span class=\"accordion-toggle\"><\/span>\r\n          <\/div>\r\n          <ul class=\"custom-sub-items\">\r\n            <li><a rel=\"nofollow noopener noreferrer\" href=\"https:\/\/ecemarble.com\/en\/ottoman-beige\">Ottoman Beige<\/a><\/li>\r\n            <li><a rel=\"nofollow noopener noreferrer\" href=\"#\">Karam\u00e2n Beige<\/a><\/li>\r\n            <li><a rel=\"nofollow noopener noreferrer\" href=\"#\">Ye\u015filova Beige<\/a><\/li>\r\n            <li><a rel=\"nofollow noopener noreferrer\" href=\"https:\/\/ecemarble.com\/en\/cinye-beige\">Cinye Beige<\/a><\/li>\r\n            <li><a rel=\"nofollow noopener noreferrer\" href=\"#\">Latte Beige<\/a><\/li>\r\n          <\/ul>\r\n        <\/li>\r\n\r\n        <li>\r\n          <div class=\"custom-accordion-subheader\">\r\n            <a rel=\"nofollow noopener noreferrer\" href=\"https:\/\/ecemarble.com\/en\/black-marble\">Black Marble<\/a>\r\n            <span class=\"accordion-toggle\"><\/span>\r\n          <\/div>\r\n          <ul class=\"custom-sub-items\">\r\n            <li><a rel=\"nofollow noopener noreferrer\" href=\"https:\/\/ecemarble.com\/en\/toros-black-marble\">Toros Black<\/a><\/li>\r\n          <\/ul>\r\n        <\/li>\r\n\r\n        <li>\r\n          <div class=\"custom-accordion-subheader\">\r\n            <a rel=\"nofollow noopener noreferrer\" href=\"https:\/\/ecemarble.com\/en\/gray-marble\">Gray Marble<\/a>\r\n            <span class=\"accordion-toggle\"><\/span>\r\n          <\/div>\r\n          <ul class=\"custom-sub-items\">\r\n            <li><a rel=\"nofollow noopener noreferrer\" href=\"#\">Emirda\u011f Grey<\/a><\/li>\r\n            <li><a rel=\"nofollow noopener noreferrer\" href=\"https:\/\/ecemarble.com\/en\/gelendost\">Gelendost<\/a><\/li>\r\n            <li><a rel=\"nofollow noopener noreferrer\" href=\"https:\/\/ecemarble.com\/en\/sofita\">Sofita<\/a><\/li>\r\n            <li><a rel=\"nofollow noopener noreferrer\" href=\"https:\/\/ecemarble.com\/en\/sunset\">Sunset<\/a><\/li>\r\n          <\/ul>\r\n        <\/li>\r\n\r\n        <li>\r\n          <div class=\"custom-accordion-subheader\">\r\n            <a rel=\"nofollow noopener noreferrer\" href=\"https:\/\/ecemarble.com\/en\/green-marble\">Green Marble<\/a>\r\n            <span class=\"accordion-toggle\"><\/span>\r\n          <\/div>\r\n          <ul class=\"custom-sub-items\">\r\n            <li><a rel=\"nofollow noopener noreferrer\" href=\"https:\/\/ecemarble.com\/en\/kaman-green\">Kaman Green<\/a><\/li>\r\n          <\/ul>\r\n        <\/li>\r\n\r\n      <\/ul>\r\n    <\/div>\r\n  <\/div>\r\n\r\n  <div class=\"custom-accordion-item\">\r\n    <div class=\"custom-accordion-header\">\r\n      <a rel=\"nofollow noopener noreferrer\" href=\"https:\/\/ecemarble.com\/en\/granit\">GRANITE<\/a>\r\n      <span class=\"accordion-toggle\"><\/span>\r\n    <\/div>\r\n    <div class=\"custom-accordion-content\">\r\n      <ul class=\"custom-sub-items\">\r\n        <li><a rel=\"nofollow noopener noreferrer\" href=\"#\">Anatolian Granite<\/a><\/li>\r\n        <li><a rel=\"nofollow noopener noreferrer\" href=\"#\">K\u0131r \u00c7i\u00e7e\u011fi Granite<\/a><\/li>\r\n        <li><a rel=\"nofollow noopener noreferrer\" href=\"#\">Yaylak Granite<\/a><\/li>\r\n      <\/ul>\r\n    <\/div>\r\n  <\/div>\r\n\r\n  <div class=\"custom-accordion-item\">\r\n    <div class=\"custom-accordion-header\">\r\n      <a rel=\"nofollow noopener noreferrer\" href=\"https:\/\/ecemarble.com\/en\/travertine\">TRAVERTINE<\/a>\r\n      <span class=\"accordion-toggle\"><\/span>\r\n    <\/div>\r\n    <div class=\"custom-accordion-content\">\r\n      <ul class=\"custom-sub-items\">\r\n        <li><a rel=\"nofollow noopener noreferrer\" href=\"#e\">Denizli Travertine<\/a><\/li>\r\n        <li><a rel=\"nofollow noopener noreferrer\" href=\"#\">Light Travertine<\/a><\/li>\r\n        <li><a rel=\"nofollow noopener noreferrer\" href=\"https:\/\/ecemarble.com\/en\/yellow-travertine\">Yellow Travertine<\/a><\/li>\r\n        <li><a rel=\"nofollow noopener noreferrer\" href=\"#\">Classic Travertine<\/a><\/li>\r\n        <li><a rel=\"nofollow noopener noreferrer\" href=\"#\">Noche Travertine<\/a><\/li>\r\n      <\/ul>\r\n    <\/div>\r\n  <\/div>\r\n\r\n  <div class=\"custom-accordion-item\">\r\n    <div class=\"custom-accordion-header\">\r\n      <a rel=\"nofollow noopener noreferrer\" href=\"https:\/\/ecemarble.com\/en\/oniks\">ONYX<\/a>\r\n      <span class=\"accordion-toggle\"><\/span>\r\n    <\/div>\r\n    <div class=\"custom-accordion-content\">\r\n      <ul class=\"custom-sub-items\">\r\n        <li><a rel=\"nofollow noopener noreferrer\" href=\"https:\/\/ecemarble.com\/en\/onyx\">Onyx<\/a><\/li>\r\n      <\/ul>\r\n    <\/div>\r\n  <\/div>\r\n\r\n  <div class=\"custom-accordion-item\">\r\n    <div class=\"custom-accordion-header\">\r\n      <a rel=\"nofollow noopener noreferrer\" href=\"https:\/\/ecemarble.com\/en\/limestone\">LIMESTONE<\/a>\r\n      <span class=\"accordion-toggle\"><\/span>\r\n    <\/div>\r\n    <div class=\"custom-accordion-content\">\r\n      <ul class=\"custom-sub-items\">\r\n        <li><a rel=\"nofollow noopener noreferrer\" href=\"#\">Classic Limestone<\/a><\/li>\r\n        <li><a rel=\"nofollow noopener noreferrer\" href=\"#\">Cloudy Limestone<\/a><\/li>\r\n        <li><a rel=\"nofollow noopener noreferrer\" href=\"#\">Sesame Limestone<\/a><\/li>\r\n      <\/ul>\r\n    <\/div>\r\n  <\/div>\r\n\r\n<\/div>\r\n\r\n<script>\r\ndocument.addEventListener(\"DOMContentLoaded\", () => {\r\n  const currentUrl = window.location.href;\r\n\r\n  if (currentUrl.includes(\"\/urunler\") || currentUrl.includes(\"\/products\")) {\r\n    const firstItem = document.querySelector(\".custom-accordion-item\");\r\n    if (firstItem) {\r\n      firstItem.classList.add(\"active\");\r\n      const content = firstItem.querySelector(\".custom-accordion-content\");\r\n      if (content) content.style.maxHeight = \"none\";\r\n    }\r\n  } else {\r\n    document.querySelectorAll(\".custom-accordion a\").forEach(link => {\r\n      if (currentUrl.includes(link.getAttribute(\"href\"))) {\r\n        link.classList.add(\"current-page\");\r\n\r\n        const accordionItem = link.closest(\".custom-accordion-item\");\r\n        if (accordionItem) {\r\n          accordionItem.classList.add(\"active\");\r\n          const content = accordionItem.querySelector(\".custom-accordion-content\");\r\n          if (content) content.style.maxHeight = \"none\";\r\n        }\r\n\r\n        const subheader = link.closest(\".custom-accordion-subheader\");\r\n        if (subheader) {\r\n          subheader.classList.add(\"active\");\r\n          const subList = subheader.nextElementSibling;\r\n          if (subList) subList.style.maxHeight = \"none\";\r\n        }\r\n      }\r\n    });\r\n  }\r\n\r\n  document.querySelectorAll('.accordion-toggle').forEach(toggle => {\r\n    toggle.addEventListener('click', function(e) {\r\n      e.preventDefault();\r\n      const parent = this.closest('.custom-accordion-item, .custom-accordion-subheader');\r\n      parent.classList.toggle('active');\r\n\r\n      const content = parent.querySelector('.custom-accordion-content, ul');\r\n      if (content) {\r\n        content.style.maxHeight = parent.classList.contains('active') ? \"none\" : \"0\";\r\n      }\r\n    });\r\n  });\r\n});\r\n<\/script>\r\n<\/div><\/div>\t\t\t\t<\/div>\n\t\t\t\t<\/div>\n\t\t\t\t\t<\/div>\n\t\t<\/div>\n\t\t\t\t<div class=\"has_eae_slider elementor-column elementor-col-66 elementor-top-column elementor-element elementor-element-5897902\" data-eae-slider=\"64976\" data-id=\"5897902\" data-element_type=\"column\" data-e-type=\"column\">\n\t\t\t<div class=\"elementor-widget-wrap elementor-element-populated\">\n\t\t\t\t\t\t<section class=\"has_eae_slider elementor-section elementor-inner-section elementor-element elementor-element-2763d15 elementor-section-boxed elementor-section-height-default elementor-section-height-default\" data-eae-slider=\"1762\" data-id=\"2763d15\" data-element_type=\"section\" data-e-type=\"section\" data-settings=\"{&quot;_ha_eqh_enable&quot;:false}\">\n\t\t\t\t\t\t<div class=\"elementor-container elementor-column-gap-default\">\n\t\t\t\t\t<div class=\"has_eae_slider elementor-column elementor-col-100 elementor-inner-column elementor-element elementor-element-19463e8\" data-eae-slider=\"62704\" data-id=\"19463e8\" data-element_type=\"column\" data-e-type=\"column\">\n\t\t\t<div class=\"elementor-widget-wrap elementor-element-populated\">\n\t\t\t\t\t\t<div class=\"elementor-element elementor-element-2019e79 elementor-widget elementor-widget-heading\" data-id=\"2019e79\" data-element_type=\"widget\" data-e-type=\"widget\" data-widget_type=\"heading.default\">\n\t\t\t\t<div class=\"elementor-widget-container\">\n\t\t\t\t\t<div class=\"elementor-heading-title elementor-size-default\">Products<\/div>\t\t\t\t<\/div>\n\t\t\t\t<\/div>\n\t\t\t\t<div class=\"elementor-element elementor-element-52f747e elementor-widget-divider--view-line elementor-widget elementor-widget-divider\" data-id=\"52f747e\" data-element_type=\"widget\" data-e-type=\"widget\" data-widget_type=\"divider.default\">\n\t\t\t\t<div class=\"elementor-widget-container\">\n\t\t\t\t\t\t\t<div class=\"elementor-divider\">\n\t\t\t<span class=\"elementor-divider-separator\">\n\t\t\t\t\t\t<\/span>\n\t\t<\/div>\n\t\t\t\t\t\t<\/div>\n\t\t\t\t<\/div>\n\t\t\t\t\t<\/div>\n\t\t<\/div>\n\t\t\t\t\t<\/div>\n\t\t<\/section>\n\t\t\t\t<section class=\"has_eae_slider elementor-section elementor-inner-section elementor-element elementor-element-5d6a306 elementor-section-boxed elementor-section-height-default elementor-section-height-default\" data-eae-slider=\"16776\" data-id=\"5d6a306\" data-element_type=\"section\" data-e-type=\"section\" data-settings=\"{&quot;_ha_eqh_enable&quot;:false}\">\n\t\t\t\t\t\t<div class=\"elementor-container elementor-column-gap-default\">\n\t\t\t\t\t<div class=\"has_eae_slider elementor-column elementor-col-33 elementor-inner-column elementor-element elementor-element-450b2ca\" data-eae-slider=\"90430\" data-id=\"450b2ca\" data-element_type=\"column\" data-e-type=\"column\">\n\t\t\t<div class=\"elementor-widget-wrap elementor-element-populated\">\n\t\t\t\t\t\t<div class=\"elementor-element elementor-element-38e3226 kategori-kartlari elementor-widget elementor-widget-ha-image-hover-effect happy-addon ha-image-hover-effect\" data-id=\"38e3226\" data-element_type=\"widget\" data-e-type=\"widget\" data-widget_type=\"ha-image-hover-effect.default\">\n\t\t\t\t<div class=\"elementor-widget-container\">\n\t\t\t\t\t\t\t<div class=\"ha-ihe-wrapper grid\">\n\t\t\t<figure class=\"ha-ihe-fig \">\n\t\t\t\t<img decoding=\"async\" class=\"ha-ihe-img\" src=\"https:\/\/ecemarble.com\/wp-content\/uploads\/2025\/12\/traverten-klasik-cross-cut.webp\" alt=\"\" \/>\n\t\t\t\t<figcaption class=\"ha-ihe-caption\">\n\t\t\t\t\t\t\t\t\t\t\t<div class=\"ha-ihe-title\">TRAVERTINE CLASSIC <\/div>\t\t\t\t\t\t\t\t\t\t\t\t\t<p class=\"ha-ihe-desc\"><\/p>\n\t\t\t\t\t\t\t\t\t\t\t\t\t\t\t\t\t\t\t\t\t\t\t<a rel=\"nofollow noopener noreferrer\" href=\"#elementor-action%3Aaction%3Dlightbox%26settings%3DeyJ1cmwiOiJodHRwczpcL1wvZWNlbWFyYmxlLmNvbVwvd3AtY29udGVudFwvdXBsb2Fkc1wvMjAyNVwvMTJcL3RyYXZlcnRlbi1rbGFzaWstY3Jvc3MtY3V0LndlYnAiLCJ0eXBlIjoiaW1hZ2UiLCJ0aXRsZSI6InRyYXZlcnRlbi1rbGFzaWstY3Jvc3MtY3V0In0%3D\"  rel=&quot;nofollow&quot;><\/a>\n\t\t\t\t\t\t\t\t\t<\/figcaption>\n\t\t\t<\/figure>\n\t\t<\/div>\n\t\t\t\t<\/div>\n\t\t\t\t<\/div>\n\t\t\t\t\t<\/div>\n\t\t<\/div>\n\t\t\t\t<div class=\"has_eae_slider elementor-column elementor-col-33 elementor-inner-column elementor-element elementor-element-8e568ea\" data-eae-slider=\"17815\" data-id=\"8e568ea\" data-element_type=\"column\" data-e-type=\"column\">\n\t\t\t<div class=\"elementor-widget-wrap elementor-element-populated\">\n\t\t\t\t\t\t<div class=\"elementor-element elementor-element-4e8f36a kategori-kartlari elementor-widget elementor-widget-ha-image-hover-effect happy-addon ha-image-hover-effect\" data-id=\"4e8f36a\" data-element_type=\"widget\" data-e-type=\"widget\" data-widget_type=\"ha-image-hover-effect.default\">\n\t\t\t\t<div class=\"elementor-widget-container\">\n\t\t\t\t\t\t\t<div class=\"ha-ihe-wrapper grid\">\n\t\t\t<figure class=\"ha-ihe-fig \">\n\t\t\t\t<img decoding=\"async\" class=\"ha-ihe-img\" src=\"https:\/\/ecemarble.com\/wp-content\/uploads\/2025\/12\/traverten-klasik-vein-cut.webp\" alt=\"\" \/>\n\t\t\t\t<figcaption class=\"ha-ihe-caption\">\n\t\t\t\t\t\t\t\t\t\t\t<div class=\"ha-ihe-title\">TRAVERTINE CLASSIC<\/div>\t\t\t\t\t\t\t\t\t\t\t\t\t<p class=\"ha-ihe-desc\"><\/p>\n\t\t\t\t\t\t\t\t\t\t\t\t\t\t\t\t\t\t\t\t\t\t\t<a rel=\"nofollow noopener noreferrer\" href=\"#elementor-action%3Aaction%3Dlightbox%26settings%3DeyJ1cmwiOiJodHRwczpcL1wvZWNlbWFyYmxlLmNvbVwvd3AtY29udGVudFwvdXBsb2Fkc1wvMjAyNVwvMTJcL3RyYXZlcnRlbi1rbGFzaWstdmVpbi1jdXQud2VicCIsInR5cGUiOiJpbWFnZSIsInRpdGxlIjoidHJhdmVydGVuLWtsYXNpay12ZWluLWN1dCJ9\"  rel=&quot;nofollow&quot;><\/a>\n\t\t\t\t\t\t\t\t\t<\/figcaption>\n\t\t\t<\/figure>\n\t\t<\/div>\n\t\t\t\t<\/div>\n\t\t\t\t<\/div>\n\t\t\t\t\t<\/div>\n\t\t<\/div>\n\t\t\t\t<div class=\"has_eae_slider elementor-column elementor-col-33 elementor-inner-column elementor-element elementor-element-e0ffccf\" data-eae-slider=\"42080\" data-id=\"e0ffccf\" data-element_type=\"column\" data-e-type=\"column\">\n\t\t\t<div class=\"elementor-widget-wrap\">\n\t\t\t\t\t\t\t<\/div>\n\t\t<\/div>\n\t\t\t\t\t<\/div>\n\t\t<\/section>\n\t\t\t\t\t<\/div>\n\t\t<\/div>\n\t\t\t\t\t<\/div>\n\t\t<\/section>\n\t\t\t\t<\/div>\n\t\t","protected":false},"excerpt":{"rendered":"<p>CLASSIC TRAVERTINE Products TRAVERTINE CLASSIC TRAVERTINE CLASSIC<\/p>\n","protected":false},"author":1,"featured_media":0,"parent":0,"menu_order":0,"comment_status":"closed","ping_status":"closed","template":"","meta":{"footnotes":""},"class_list":["post-7392","page","type-page","status-publish","hentry"],"_links":{"self":[{"href":"https:\/\/ecemarble.com\/en\/wp-json\/wp\/v2\/pages\/7392","targetHints":{"allow":["GET"]}}],"collection":[{"href":"https:\/\/ecemarble.com\/en\/wp-json\/wp\/v2\/pages"}],"about":[{"href":"https:\/\/ecemarble.com\/en\/wp-json\/wp\/v2\/types\/page"}],"author":[{"embeddable":true,"href":"https:\/\/ecemarble.com\/en\/wp-json\/wp\/v2\/users\/1"}],"replies":[{"embeddable":true,"href":"https:\/\/ecemarble.com\/en\/wp-json\/wp\/v2\/comments?post=7392"}],"version-history":[{"count":1,"href":"https:\/\/ecemarble.com\/en\/wp-json\/wp\/v2\/pages\/7392\/revisions"}],"predecessor-version":[{"id":7393,"href":"https:\/\/ecemarble.com\/en\/wp-json\/wp\/v2\/pages\/7392\/revisions\/7393"}],"wp:attachment":[{"href":"https:\/\/ecemarble.com\/en\/wp-json\/wp\/v2\/media?parent=7392"}],"curies":[{"name":"wp","href":"https:\/\/api.w.org\/{rel}","templated":true}]}}