{"id":6445,"date":"2024-05-21T13:17:09","date_gmt":"2024-05-21T13:17:09","guid":{"rendered":"https:\/\/ecemarble.com\/privacy-and-cookie-policy\/"},"modified":"2026-01-13T13:59:51","modified_gmt":"2026-01-13T13:59:51","slug":"privacy-and-cookie-policy","status":"publish","type":"page","link":"https:\/\/ecemarble.com\/en\/privacy-and-cookie-policy\/","title":{"rendered":"Privacy and Cookie Policy"},"content":{"rendered":"\t\t<div data-elementor-type=\"wp-page\" data-elementor-id=\"6445\" class=\"elementor elementor-6445 elementor-2526\" data-elementor-settings=\"{&quot;ha_cmc_init_switcher&quot;:&quot;no&quot;}\" data-elementor-post-type=\"page\">\n\t\t\t\t\t\t<section class=\"has_eae_slider elementor-section elementor-top-section elementor-element elementor-element-1e3f104 elementor-section-boxed elementor-section-height-default elementor-section-height-default\" data-eae-slider=\"43385\" data-id=\"1e3f104\" data-element_type=\"section\" data-e-type=\"section\" data-settings=\"{&quot;_ha_eqh_enable&quot;:false}\">\n\t\t\t\t\t\t<div class=\"elementor-container elementor-column-gap-default\">\n\t\t\t\t\t<div class=\"has_eae_slider elementor-column elementor-col-50 elementor-top-column elementor-element elementor-element-546f4a4\" data-eae-slider=\"11931\" data-id=\"546f4a4\" data-element_type=\"column\" data-e-type=\"column\">\n\t\t\t<div class=\"elementor-widget-wrap elementor-element-populated\">\n\t\t\t\t\t\t<div class=\"elementor-element elementor-element-eae72d4 elementor-widget elementor-widget-heading\" data-id=\"eae72d4\" data-element_type=\"widget\" data-e-type=\"widget\" data-widget_type=\"heading.default\">\n\t\t\t\t<div class=\"elementor-widget-container\">\n\t\t\t\t\t<h1 class=\"elementor-heading-title elementor-size-default\">Personal Data Protection and Processing Policy<\/h1>\t\t\t\t<\/div>\n\t\t\t\t<\/div>\n\t\t\t\t\t<\/div>\n\t\t<\/div>\n\t\t\t\t<div class=\"has_eae_slider elementor-column elementor-col-50 elementor-top-column elementor-element elementor-element-320c6d1\" data-eae-slider=\"54462\" data-id=\"320c6d1\" data-element_type=\"column\" data-e-type=\"column\">\n\t\t\t<div class=\"elementor-widget-wrap elementor-element-populated\">\n\t\t\t\t\t\t<div class=\"elementor-element elementor-element-ba896ec elementor-widget elementor-widget-shortcode\" data-id=\"ba896ec\" data-element_type=\"widget\" data-e-type=\"widget\" id=\"category-breadcrumb\" data-widget_type=\"shortcode.default\">\n\t\t\t\t<div class=\"elementor-widget-container\">\n\t\t\t\t\t\t\t<div class=\"elementor-shortcode\"><nav aria-label=\"breadcrumbs\" class=\"rank-math-breadcrumb\"><p><span class=\"last\">Home<\/span><\/p><\/nav><\/div>\n\t\t\t\t\t\t<\/div>\n\t\t\t\t<\/div>\n\t\t\t\t\t<\/div>\n\t\t<\/div>\n\t\t\t\t\t<\/div>\n\t\t<\/section>\n\t\t\t\t<section class=\"has_eae_slider elementor-section elementor-top-section elementor-element elementor-element-4224c5d elementor-section-boxed elementor-section-height-default elementor-section-height-default\" data-eae-slider=\"23133\" data-id=\"4224c5d\" data-element_type=\"section\" data-e-type=\"section\" data-settings=\"{&quot;_ha_eqh_enable&quot;:false}\">\n\t\t\t\t\t\t<div class=\"elementor-container elementor-column-gap-default\">\n\t\t\t\t\t<div class=\"has_eae_slider elementor-column elementor-col-50 elementor-top-column elementor-element elementor-element-cb8d339\" data-eae-slider=\"6049\" data-id=\"cb8d339\" data-element_type=\"column\" data-e-type=\"column\">\n\t\t\t<div class=\"elementor-widget-wrap elementor-element-populated\">\n\t\t\t\t\t\t<div class=\"elementor-element elementor-element-1172227 elementor-widget elementor-widget-html\" data-id=\"1172227\" data-element_type=\"widget\" data-e-type=\"widget\" data-widget_type=\"html.default\">\n\t\t\t\t<div class=\"elementor-widget-container\">\n\t\t\t\t\t<style>.kvkk-card{\r\n  max-width:520px;\r\n  background:#fff;\r\n  border:1px solid rgba(0,0,0,.08);\r\n  border-radius:14px;\r\n  padding:18px 18px 16px;\r\n  box-shadow:0 14px 40px rgba(0,0,0,.08);\r\n}\r\n\r\n.kvkk-title{\r\n  margin:0 0 10px;\r\n  font-size:16px;\r\n  font-weight:700;\r\n  letter-spacing:.2px;\r\n  color:#1b1b1b;\r\n}\r\n\r\n.kvkk-list{\r\n  margin:0;\r\n  padding:0 0 0 18px;\r\n  display:grid;\r\n  gap:8px;\r\n}\r\n\r\n.kvkk-list li{\r\n  margin:0;\r\n  color:#4a4a4a;\r\n  line-height:1.35;\r\n  font-size:14px;\r\n}\r\n\r\n.kvkk-list a{\r\n  color:#6b7280;\r\n  text-decoration:none;\r\n  transition:color .15s ease, text-decoration-color .15s ease;\r\n}\r\n\r\n.kvkk-list a:hover{\r\n  color:#111827;\r\n  text-decoration:underline;\r\n  text-decoration-thickness:1px;\r\n  text-underline-offset:3px;\r\n}\r\n\r\n.kvkk-list a:focus-visible{\r\n  outline:2px solid rgba(17,24,39,.35);\r\n  outline-offset:3px;\r\n  border-radius:6px;\r\n}\r\n\r\n    \r\n<\/style>\r\n\r\n\r\n<div class=\"kvkk-card\">\r\n  <h3 class=\"kvkk-title\">PDPL<\/h3>\r\n  <ul class=\"kvkk-list\">\r\n    <li>\r\n      <a rel=\"nofollow noopener noreferrer\" href=\"https:\/\/ecemarble.com\/en\/supplier-disclosure-statement\/\" target=\"_blank\" rel=\"noopener\">\r\n        Supplier Disclosure Statement\r\n      <\/a>\r\n    <\/li>\r\n    <li>\r\n      <a rel=\"nofollow noopener noreferrer\" href=\"https:\/\/ecemarble.com\/en\/information-notice-customer\/\" target=\"_blank\" rel=\"noopener\">\r\n        Information Notice \u2013 Customer\r\n      <\/a>\r\n    <\/li>\r\n    <li>\r\n      <a rel=\"nofollow noopener noreferrer\" href=\"https:\/\/ecemarble.com\/en\/information-notice-regarding-security-cameras\/\" target=\"_blank\" rel=\"noopener\">\r\n        Information Notice Regarding Security Cameras\r\n      <\/a>\r\n    <\/li>\r\n    <li>\r\n      <a rel=\"nofollow noopener noreferrer\" href=\"https:\/\/ecemarble.com\/en\/contact-person-application-form\/\" target=\"_blank\" rel=\"noopener\">\r\n        Contact Person Application Form\r\n      <\/a>\r\n    <\/li>\r\n    <li>\r\n      <a rel=\"nofollow noopener noreferrer\" href=\"https:\/\/ecemarble.com\/en\/personal-data-protection-and-processing-policy\/\" target=\"_blank\" rel=\"noopener\">\r\n        Personal Data Protection and Processing Policy\r\n      <\/a>\r\n    <\/li>\r\n    <li>\r\n      <a rel=\"nofollow noopener noreferrer\" href=\"https:\/\/ecemarble.com\/en\/privacy-and-cookie-policy\/\" target=\"_blank\" rel=\"noopener\">\r\n        Privacy and Cookie Policy\r\n      <\/a>\r\n    <\/li>\r\n  <\/ul>\r\n<\/div>\r\n\t\t\t\t<\/div>\n\t\t\t\t<\/div>\n\t\t\t\t\t<\/div>\n\t\t<\/div>\n\t\t\t\t<div class=\"has_eae_slider elementor-column elementor-col-50 elementor-top-column elementor-element elementor-element-083bdf9\" data-eae-slider=\"98088\" data-id=\"083bdf9\" data-element_type=\"column\" data-e-type=\"column\">\n\t\t\t<div class=\"elementor-widget-wrap elementor-element-populated\">\n\t\t\t\t\t\t<div class=\"elementor-element elementor-element-df17f89 elementor-widget elementor-widget-text-editor\" data-id=\"df17f89\" data-element_type=\"widget\" data-e-type=\"widget\" data-widget_type=\"text-editor.default\">\n\t\t\t\t<div class=\"elementor-widget-container\">\n\t\t\t\t\t\t\t\t\t<p>**ECE MERMER TUR\u0130ZM SANAY\u0130 VE T\u0130CARET L\u0130M\u0130TED \u015e\u0130RKET\u0130<\/p><p>WEBSITE PRIVACY AND COOKIE POLICY**<\/p><p>The protection of the privacy of visitors (\u201cData Subjects\u201d) who visit the website operated by ECE MERMER TUR\u0130ZM SANAY\u0130 VE T\u0130CARET L\u0130M\u0130TED \u015e\u0130RKET\u0130 (\u201cCompany\u201d) at https:\/\/ecemarble.com\/<br \/>is among our fundamental principles.<br \/>This Website Privacy and Cookie Policy (\u201cPolicy\u201d) provides information regarding the processing of personal data of data subjects, the cookie policy, and the website privacy policy.<\/p><p>Within the scope of this Cookie Policy, the cookies used to provide better service to website visitors and to ensure a functional online environment are explained. In addition, it describes how personal data obtained in compliance with the Law on the Protection of Personal Data No. 6698 (\u201cKVKK\u201d) are processed, and sets out the legal rights and authorities of users.<\/p><p>Personal data obtained during your visit to our website may be processed by the Company within the scope of the purposes specified below, in accordance with Law No. 6698. Detailed information regarding the processing of your personal data can be accessed at https:\/\/ecemarble.com\/<br \/>.<\/p><p>Purposes of Processing Your Personal Data<\/p><p>Your personal data obtained as a result of visiting our website may be processed by the Company in accordance with Articles 5 and 6 of the Law for the following purposes:<\/p><p>Carrying out necessary activities by our relevant business units to conduct the Company\u2019s commercial operations and managing related business processes,<\/p><p>Performing necessary activities to enable relevant persons to benefit from the products and services offered by the Company and managing related business processes,<\/p><p>Planning and executing activities required to customize, promote, and recommend the products and services offered by the Company based on the preferences, usage habits, and needs of relevant persons.<\/p><p>Recipients of Personal Data and Purpose of Transfer<\/p><p>Your personal data obtained as a result of visiting our website may be transferred, in line with the purposes of processing your personal data, to our business partners, legally authorized public institutions, and domestic and\/or foreign service providers processing personal data on behalf of the Company, within the framework of legal obligations and statutory limitations.<\/p><p>Method and Legal Basis for Collection of Personal Data<\/p><p>Any information that identifies or makes a person identifiable is considered \u201cpersonal data.\u201d<br \/>Within the scope of your visit to our website, your personal data are collected through cookies, which are technical communication files, in accordance with the data processing conditions set forth in the Law.<\/p><p>Websites owned by the Company use cookies. Cookies are files consisting mostly of letters and numbers that are stored in the internet browser or hard drive of the device being used, allowing the identification of the device.<\/p><p>Company websites store information collected through cookies, log files, empty GIF files, and\/or third-party sources to create a summary of your preferences.<\/p><p>Types of Cookies Used<\/p><p>Two types of cookies are used across our websites:<\/p><p>Session Cookies: Temporary cookies that remain valid only until you close your browser.<\/p><p>Persistent Cookies: Cookies that remain on your hard drive until you delete them or their expiration period ends (the duration depends on the \u201clifespan\u201d of the cookie).<\/p><p>Purposes of Using Cookies<\/p><p>Website cookies are used to:<\/p><p>Remember your preferences and personalize your website\/mobile application experience,<\/p><p>Save passwords and keep sessions active, eliminating the need to re-enter passwords on each visit,<\/p><p>Recognize and remember users during subsequent visits,<\/p><p>Measure how the website\/mobile application is used, including information such as where users connect from, which content they view, and the duration of their visits.<\/p><p>Cookies may also be used to activate advertising technology to present advertisements that may be of interest to you when you visit search engines, websites, mobile applications, or advertising platforms of the website.<br \/>This technology uses information about your previous visits to the website\/mobile application and related platforms in order to deliver personalized advertisements. During this process, a unique third-party cookie may be placed on your browser to recognize you.<\/p><p>Google Analytics<\/p><p>The Company also uses Google Analytics, a web analytics service provided by Google, Inc.<br \/>Google Analytics uses cookies to analyze how users use the website, mobile application, and\/or mobile site through statistical data and reports.<\/p><p>Managing Cookie Preferences<\/p><p>You may allow or reject cookies using the following methods:<\/p><p>Google Chrome: Click the \u201clock icon\u201d in the address bar and manage cookies under the \u201cCookies\u201d tab.<\/p><p>Internet Explorer: Click \u201cTools\u201d in the top-right corner, select the security tab, and manage cookies as \u201callow\u201d or \u201cdeny.\u201d<\/p><p>Mozilla Firefox: Click the menu icon, select \u201cOptions,\u201d and manage cookies under \u201cPrivacy &amp; Security.\u201d<\/p><p>Opera: Select \u201cAdvanced\u201d under \u201cPreferences\u201d and manage cookies in the \u201cCookies\u201d section.<\/p><p>Safari (Mobile): Go to \u201cSettings,\u201d select \u201cSafari,\u201d and manage cookies under \u201cPrivacy &amp; Security.\u201d<\/p><p>Additionally, you may visit https:\/\/www.allaboutcookies.org<br \/>or https:\/\/www.youronlinechoices.eu\/<br \/>for more information about cookies and cookie management, or use the Privacy Badger application (https:\/\/www.eff.org\/privacybadger<br \/>).<\/p><p>If you reject persistent or session cookies, you may continue to use the website, mobile application, and mobile site; however, access to certain functions may be limited.<\/p><p>Cookies Used on Our Website<\/p><p>Information regarding cookies used on our website is provided in the tables below.<\/p><p>Functional and Analytical Cookies<br \/>These cookies remember your preferences, ensure efficient use of the website, optimize the site to respond to user requests, and collect data on how visitors use the site. Due to their nature, these cookies may include personal information such as usernames.<\/p><p>Platform Purpose of Use Cookie Type<br \/>Google (Analytics, AdWords, DoubleClick, Adform) Measurement, advertising, site optimization Functional and analytical cookies<br \/>Commercial cookies Advertising and marketing activities Commercial cookies<br \/>Rights of the Personal Data Subject Under Article 11 of KVKK<\/p><p>Pursuant to Article 11 of the Law, you may apply to our Company to:<\/p><p>Learn whether your personal data are processed,<\/p><p>Request information if your personal data have been processed,<\/p><p>Learn the purpose of processing personal data and whether they are used in accordance with that purpose,<\/p><p>Know the third parties to whom personal data are transferred domestically or abroad,<\/p><p>Request correction of incomplete or inaccurate personal data and request notification of such correction to third parties,<\/p><p>Request deletion or destruction of personal data if the reasons for processing no longer exist, and request notification of such actions to third parties,<\/p><p>Object to results arising against you due to automated analysis of personal data,<\/p><p>Request compensation for damages incurred due to unlawful processing of personal data.<\/p><p>Method of Submitting Requests<\/p><p>You may submit your requests within the scope of Article 11 of the Law, in accordance with the Communiqu\u00e9 on the Principles and Procedures for Application to the Data Controller, by completing and signing the application form available on the Company\u2019s website and submitting it:<\/p><p>In writing in person by verifying your identity,<\/p><p>Via a notary public,<\/p><p>To the address G\u00dcRLEY\u0130K MAH. 601 SOKAK NO:3\/1 HONAZ \/ DEN\u0130ZL\u0130,<\/p><p>Or via your verified electronic mail address or Registered Electronic Mail (KEP) address.<\/p><p>Applications will be concluded free of charge as soon as possible and no later than 30 (thirty) days.<br \/>If the process requires additional costs, fees may be charged in accordance with the tariff determined by the Personal Data Protection Board.<br \/>If the response exceeds 10 (ten) pages, a processing fee of TRY 1.00 per page will be charged.<br \/>If the response is requested to be provided on physical media such as a CD or flash drive, the cost of the media will be charged.<\/p><p>Amendments<\/p><p>This privacy notice may be amended due to changes in legislation.<br \/>In the event of any amendments, necessary announcements will be published on our website.<br \/>To stay informed, it is recommended that you regularly visit our website.<\/p>\t\t\t\t\t\t\t\t<\/div>\n\t\t\t\t<\/div>\n\t\t\t\t\t<\/div>\n\t\t<\/div>\n\t\t\t\t\t<\/div>\n\t\t<\/section>\n\t\t\t\t<\/div>\n\t\t","protected":false},"excerpt":{"rendered":"<p>Personal Data Protection and Processing Policy PDPL Supplier Disclosure Statement Information Notice \u2013 Customer Information Notice Regarding Security Cameras Contact Person Application Form Personal Data Protection and Processing Policy Privacy and Cookie Policy **ECE MERMER TUR\u0130ZM SANAY\u0130 VE T\u0130CARET L\u0130M\u0130TED \u015e\u0130RKET\u0130 WEBSITE PRIVACY AND COOKIE POLICY** The protection of the privacy of visitors (\u201cData Subjects\u201d) [&hellip;]<\/p>\n","protected":false},"author":1,"featured_media":0,"parent":0,"menu_order":0,"comment_status":"closed","ping_status":"closed","template":"","meta":{"footnotes":""},"class_list":["post-6445","page","type-page","status-publish","hentry"],"_links":{"self":[{"href":"https:\/\/ecemarble.com\/en\/wp-json\/wp\/v2\/pages\/6445","targetHints":{"allow":["GET"]}}],"collection":[{"href":"https:\/\/ecemarble.com\/en\/wp-json\/wp\/v2\/pages"}],"about":[{"href":"https:\/\/ecemarble.com\/en\/wp-json\/wp\/v2\/types\/page"}],"author":[{"embeddable":true,"href":"https:\/\/ecemarble.com\/en\/wp-json\/wp\/v2\/users\/1"}],"replies":[{"embeddable":true,"href":"https:\/\/ecemarble.com\/en\/wp-json\/wp\/v2\/comments?post=6445"}],"version-history":[{"count":7,"href":"https:\/\/ecemarble.com\/en\/wp-json\/wp\/v2\/pages\/6445\/revisions"}],"predecessor-version":[{"id":6454,"href":"https:\/\/ecemarble.com\/en\/wp-json\/wp\/v2\/pages\/6445\/revisions\/6454"}],"wp:attachment":[{"href":"https:\/\/ecemarble.com\/en\/wp-json\/wp\/v2\/media?parent=6445"}],"curies":[{"name":"wp","href":"https:\/\/api.w.org\/{rel}","templated":true}]}}