{"id":6432,"date":"2021-04-05T11:25:00","date_gmt":"2021-04-05T11:25:00","guid":{"rendered":"https:\/\/ecemarble.com\/information-notice-regarding-security-cameras\/"},"modified":"2026-01-13T14:01:47","modified_gmt":"2026-01-13T14:01:47","slug":"information-notice-regarding-security-cameras","status":"publish","type":"page","link":"https:\/\/ecemarble.com\/en\/information-notice-regarding-security-cameras\/","title":{"rendered":"Information Notice Regarding Security Cameras"},"content":{"rendered":"\t\t<div data-elementor-type=\"wp-page\" data-elementor-id=\"6432\" class=\"elementor elementor-6432 elementor-2373\" data-elementor-settings=\"{&quot;ha_cmc_init_switcher&quot;:&quot;no&quot;}\" data-elementor-post-type=\"page\">\n\t\t\t\t\t\t<section class=\"has_eae_slider elementor-section elementor-top-section elementor-element elementor-element-10c212c elementor-section-boxed elementor-section-height-default elementor-section-height-default\" data-eae-slider=\"45306\" data-id=\"10c212c\" data-element_type=\"section\" data-e-type=\"section\" data-settings=\"{&quot;_ha_eqh_enable&quot;:false}\">\n\t\t\t\t\t\t<div class=\"elementor-container elementor-column-gap-default\">\n\t\t\t\t\t<div class=\"has_eae_slider elementor-column elementor-col-50 elementor-top-column elementor-element elementor-element-84acc3c\" data-eae-slider=\"88481\" data-id=\"84acc3c\" data-element_type=\"column\" data-e-type=\"column\">\n\t\t\t<div class=\"elementor-widget-wrap elementor-element-populated\">\n\t\t\t\t\t\t<div class=\"elementor-element elementor-element-94a4c20 elementor-widget elementor-widget-heading\" data-id=\"94a4c20\" data-element_type=\"widget\" data-e-type=\"widget\" data-widget_type=\"heading.default\">\n\t\t\t\t<div class=\"elementor-widget-container\">\n\t\t\t\t\t<h1 class=\"elementor-heading-title elementor-size-default\">Information Notice Regarding Security Cameras<\/h1>\t\t\t\t<\/div>\n\t\t\t\t<\/div>\n\t\t\t\t\t<\/div>\n\t\t<\/div>\n\t\t\t\t<div class=\"has_eae_slider elementor-column elementor-col-50 elementor-top-column elementor-element elementor-element-4ab91cb\" data-eae-slider=\"20598\" data-id=\"4ab91cb\" data-element_type=\"column\" data-e-type=\"column\">\n\t\t\t<div class=\"elementor-widget-wrap elementor-element-populated\">\n\t\t\t\t\t\t<div class=\"elementor-element elementor-element-f15d345 elementor-widget elementor-widget-shortcode\" data-id=\"f15d345\" data-element_type=\"widget\" data-e-type=\"widget\" id=\"category-breadcrumb\" data-widget_type=\"shortcode.default\">\n\t\t\t\t<div class=\"elementor-widget-container\">\n\t\t\t\t\t\t\t<div class=\"elementor-shortcode\"><nav aria-label=\"breadcrumbs\" class=\"rank-math-breadcrumb\"><p><span class=\"last\">Home<\/span><\/p><\/nav><\/div>\n\t\t\t\t\t\t<\/div>\n\t\t\t\t<\/div>\n\t\t\t\t\t<\/div>\n\t\t<\/div>\n\t\t\t\t\t<\/div>\n\t\t<\/section>\n\t\t\t\t<section class=\"has_eae_slider elementor-section elementor-top-section elementor-element elementor-element-88805bc elementor-section-boxed elementor-section-height-default elementor-section-height-default\" data-eae-slider=\"30179\" data-id=\"88805bc\" data-element_type=\"section\" data-e-type=\"section\" data-settings=\"{&quot;_ha_eqh_enable&quot;:false}\">\n\t\t\t\t\t\t<div class=\"elementor-container elementor-column-gap-default\">\n\t\t\t\t\t<div class=\"has_eae_slider elementor-column elementor-col-50 elementor-top-column elementor-element elementor-element-a167430\" data-eae-slider=\"95352\" data-id=\"a167430\" data-element_type=\"column\" data-e-type=\"column\">\n\t\t\t<div class=\"elementor-widget-wrap elementor-element-populated\">\n\t\t\t\t\t\t<div class=\"elementor-element elementor-element-6969139 elementor-widget elementor-widget-html\" data-id=\"6969139\" data-element_type=\"widget\" data-e-type=\"widget\" data-widget_type=\"html.default\">\n\t\t\t\t<div class=\"elementor-widget-container\">\n\t\t\t\t\t<style>.kvkk-card{\r\n  max-width:520px;\r\n  background:#fff;\r\n  border:1px solid rgba(0,0,0,.08);\r\n  border-radius:14px;\r\n  padding:18px 18px 16px;\r\n  box-shadow:0 14px 40px rgba(0,0,0,.08);\r\n}\r\n\r\n.kvkk-title{\r\n  margin:0 0 10px;\r\n  font-size:16px;\r\n  font-weight:700;\r\n  letter-spacing:.2px;\r\n  color:#1b1b1b;\r\n}\r\n\r\n.kvkk-list{\r\n  margin:0;\r\n  padding:0 0 0 18px;\r\n  display:grid;\r\n  gap:8px;\r\n}\r\n\r\n.kvkk-list li{\r\n  margin:0;\r\n  color:#4a4a4a;\r\n  line-height:1.35;\r\n  font-size:14px;\r\n}\r\n\r\n.kvkk-list a{\r\n  color:#6b7280;\r\n  text-decoration:none;\r\n  transition:color .15s ease, text-decoration-color .15s ease;\r\n}\r\n\r\n.kvkk-list a:hover{\r\n  color:#111827;\r\n  text-decoration:underline;\r\n  text-decoration-thickness:1px;\r\n  text-underline-offset:3px;\r\n}\r\n\r\n.kvkk-list a:focus-visible{\r\n  outline:2px solid rgba(17,24,39,.35);\r\n  outline-offset:3px;\r\n  border-radius:6px;\r\n}\r\n\r\n    \r\n<\/style>\r\n\r\n<div class=\"kvkk-card\">\r\n  <h3 class=\"kvkk-title\">PDPL<\/h3>\r\n  <ul class=\"kvkk-list\">\r\n    <li>\r\n      <a rel=\"nofollow noopener noreferrer\" href=\"https:\/\/ecemarble.com\/en\/supplier-disclosure-statement\/\" target=\"_blank\" rel=\"noopener\">\r\n        Supplier Disclosure Statement\r\n      <\/a>\r\n    <\/li>\r\n    <li>\r\n      <a rel=\"nofollow noopener noreferrer\" href=\"https:\/\/ecemarble.com\/en\/information-notice-customer\/\" target=\"_blank\" rel=\"noopener\">\r\n        Information Notice \u2013 Customer\r\n      <\/a>\r\n    <\/li>\r\n    <li>\r\n      <a rel=\"nofollow noopener noreferrer\" href=\"https:\/\/ecemarble.com\/en\/information-notice-regarding-security-cameras\/\" target=\"_blank\" rel=\"noopener\">\r\n        Information Notice Regarding Security Cameras\r\n      <\/a>\r\n    <\/li>\r\n    <li>\r\n      <a rel=\"nofollow noopener noreferrer\" href=\"https:\/\/ecemarble.com\/en\/contact-person-application-form\/\" target=\"_blank\" rel=\"noopener\">\r\n        Contact Person Application Form\r\n      <\/a>\r\n    <\/li>\r\n    <li>\r\n      <a rel=\"nofollow noopener noreferrer\" href=\"https:\/\/ecemarble.com\/en\/personal-data-protection-and-processing-policy\/\" target=\"_blank\" rel=\"noopener\">\r\n        Personal Data Protection and Processing Policy\r\n      <\/a>\r\n    <\/li>\r\n    <li>\r\n      <a rel=\"nofollow noopener noreferrer\" href=\"https:\/\/ecemarble.com\/en\/privacy-and-cookie-policy\/\" target=\"_blank\" rel=\"noopener\">\r\n        Privacy and Cookie Policy\r\n      <\/a>\r\n    <\/li>\r\n  <\/ul>\r\n<\/div>\r\n\t\t\t\t<\/div>\n\t\t\t\t<\/div>\n\t\t\t\t\t<\/div>\n\t\t<\/div>\n\t\t\t\t<div class=\"has_eae_slider elementor-column elementor-col-50 elementor-top-column elementor-element elementor-element-c824480\" data-eae-slider=\"39576\" data-id=\"c824480\" data-element_type=\"column\" data-e-type=\"column\">\n\t\t\t<div class=\"elementor-widget-wrap elementor-element-populated\">\n\t\t\t\t\t\t<div class=\"elementor-element elementor-element-aab7fe3 elementor-widget elementor-widget-text-editor\" data-id=\"aab7fe3\" data-element_type=\"widget\" data-e-type=\"widget\" data-widget_type=\"text-editor.default\">\n\t\t\t\t<div class=\"elementor-widget-container\">\n\t\t\t\t\t\t\t\t\t<p><strong><em><u>Privacy Notice Regarding Security Cameras Located Within the Service Building of<br \/>ECE MERMER TUR\u0130ZM SANAY\u0130 VE T\u0130CARET L\u0130M\u0130TED \u015e\u0130RKET\u0130<\/u><\/em><\/strong><\/p><p><em>This privacy notice has been prepared by ECE MERMER TUR\u0130ZM SANAY\u0130 VE T\u0130CARET L\u0130M\u0130TED \u015e\u0130RKET\u0130, acting as the data controller, within the scope of Article 10 of the Turkish Law No. 6698 on the Protection of Personal Data and the Communiqu\u00e9 on the Principles and Procedures to Be Followed in Fulfillment of the Obligation to Inform.<\/em><\/p><p><em>For the purpose of ensuring building security, image recording is carried out through a total of 15 security cameras located at the entrance of our service building, around the perimeter of the building, in accounting units, administrative buildings, and factory entrance areas.<\/em><\/p><p><em>The personal data in question are processed automatically based on the legal grounds set forth in Article 5 of the Law, namely that processing is mandatory for the data controller to fulfill its legal obligations and that processing is necessary for the legitimate interests of the data controller, provided that such processing does not harm the fundamental rights and freedoms of the data subject.<\/em><\/p><p><em>The personal data in question may be transferred to judicial authorities or relevant law enforcement agencies for the resolution of legal disputes or upon request, as required by applicable legislation.<\/em><\/p><p><em>You may submit your requests within the scope of Article 11 of the Law, which regulates the rights of the data subject, in accordance with the Communiqu\u00e9 on the Principles and Procedures for Application to the Data Controller, by completing and signing the application form available on the Company\u2019s website and submitting it in writing either in person by verifying your identity or via a notary public to the Company\u2019s address at G\u00dcRLEY\u0130K MAH. 601 SOKAK NO:3\/1 HONAZ \/ DEN\u0130ZL\u0130. Alternatively, you may submit your request via your verified electronic mail address or through your Registered Electronic Mail (KEP) address.<\/em><\/p><p><em>Your applications will be concluded free of charge as soon as possible and no later than 30 (thirty) days, depending on the nature of the request. However, if the process requires an additional cost, a fee may be charged in accordance with the tariff to be determined by the Personal Data Protection Board. If the response exceeds 10 (ten) pages, a processing fee of TRY 1.00 (one Turkish Lira) per page will be charged. If the response is requested to be provided on a recording medium such as a CD or flash drive, a fee corresponding to the cost of the requested medium will be charged.<\/em><\/p>\t\t\t\t\t\t\t\t<\/div>\n\t\t\t\t<\/div>\n\t\t\t\t\t<\/div>\n\t\t<\/div>\n\t\t\t\t\t<\/div>\n\t\t<\/section>\n\t\t\t\t<\/div>\n\t\t","protected":false},"excerpt":{"rendered":"<p>Information Notice Regarding Security Cameras PDPL Supplier Disclosure Statement Information Notice \u2013 Customer Information Notice Regarding Security Cameras Contact Person Application Form Personal Data Protection and Processing Policy Privacy and Cookie Policy Privacy Notice Regarding Security Cameras Located Within the Service Building ofECE MERMER TUR\u0130ZM SANAY\u0130 VE T\u0130CARET L\u0130M\u0130TED \u015e\u0130RKET\u0130 This privacy notice has been [&hellip;]<\/p>\n","protected":false},"author":1,"featured_media":0,"parent":0,"menu_order":0,"comment_status":"closed","ping_status":"closed","template":"","meta":{"footnotes":""},"class_list":["post-6432","page","type-page","status-publish","hentry"],"_links":{"self":[{"href":"https:\/\/ecemarble.com\/en\/wp-json\/wp\/v2\/pages\/6432","targetHints":{"allow":["GET"]}}],"collection":[{"href":"https:\/\/ecemarble.com\/en\/wp-json\/wp\/v2\/pages"}],"about":[{"href":"https:\/\/ecemarble.com\/en\/wp-json\/wp\/v2\/types\/page"}],"author":[{"embeddable":true,"href":"https:\/\/ecemarble.com\/en\/wp-json\/wp\/v2\/users\/1"}],"replies":[{"embeddable":true,"href":"https:\/\/ecemarble.com\/en\/wp-json\/wp\/v2\/comments?post=6432"}],"version-history":[{"count":7,"href":"https:\/\/ecemarble.com\/en\/wp-json\/wp\/v2\/pages\/6432\/revisions"}],"predecessor-version":[{"id":6466,"href":"https:\/\/ecemarble.com\/en\/wp-json\/wp\/v2\/pages\/6432\/revisions\/6466"}],"wp:attachment":[{"href":"https:\/\/ecemarble.com\/en\/wp-json\/wp\/v2\/media?parent=6432"}],"curies":[{"name":"wp","href":"https:\/\/api.w.org\/{rel}","templated":true}]}}