{"id":6242,"date":"2021-01-22T09:59:19","date_gmt":"2021-01-22T09:59:19","guid":{"rendered":"https:\/\/ecemarble.com\/pdpl\/"},"modified":"2026-01-13T14:03:13","modified_gmt":"2026-01-13T14:03:13","slug":"pdpl","status":"publish","type":"page","link":"https:\/\/ecemarble.com\/en\/pdpl\/","title":{"rendered":"PDPL"},"content":{"rendered":"\t\t<div data-elementor-type=\"wp-page\" data-elementor-id=\"6242\" class=\"elementor elementor-6242 elementor-481\" data-elementor-settings=\"{&quot;ha_cmc_init_switcher&quot;:&quot;no&quot;}\" data-elementor-post-type=\"page\">\n\t\t\t\t\t\t<section class=\"has_eae_slider elementor-section elementor-top-section elementor-element elementor-element-2b7457f elementor-section-boxed elementor-section-height-default elementor-section-height-default\" data-eae-slider=\"10908\" data-id=\"2b7457f\" data-element_type=\"section\" data-e-type=\"section\" data-settings=\"{&quot;_ha_eqh_enable&quot;:false}\">\n\t\t\t\t\t\t<div class=\"elementor-container elementor-column-gap-default\">\n\t\t\t\t\t<div class=\"has_eae_slider elementor-column elementor-col-50 elementor-top-column elementor-element elementor-element-d5436e0\" data-eae-slider=\"10302\" data-id=\"d5436e0\" data-element_type=\"column\" data-e-type=\"column\">\n\t\t\t<div class=\"elementor-widget-wrap elementor-element-populated\">\n\t\t\t\t\t\t<div class=\"elementor-element elementor-element-b1a09e9 elementor-widget elementor-widget-heading\" data-id=\"b1a09e9\" data-element_type=\"widget\" data-e-type=\"widget\" data-widget_type=\"heading.default\">\n\t\t\t\t<div class=\"elementor-widget-container\">\n\t\t\t\t\t<h1 class=\"elementor-heading-title elementor-size-default\">PDPL<\/h1>\t\t\t\t<\/div>\n\t\t\t\t<\/div>\n\t\t\t\t\t<\/div>\n\t\t<\/div>\n\t\t\t\t<div class=\"has_eae_slider elementor-column elementor-col-50 elementor-top-column elementor-element elementor-element-21c6568\" data-eae-slider=\"60968\" data-id=\"21c6568\" data-element_type=\"column\" data-e-type=\"column\">\n\t\t\t<div class=\"elementor-widget-wrap elementor-element-populated\">\n\t\t\t\t\t\t<div class=\"elementor-element elementor-element-22398d6 elementor-widget elementor-widget-shortcode\" data-id=\"22398d6\" data-element_type=\"widget\" data-e-type=\"widget\" id=\"category-breadcrumb\" data-widget_type=\"shortcode.default\">\n\t\t\t\t<div class=\"elementor-widget-container\">\n\t\t\t\t\t\t\t<div class=\"elementor-shortcode\"><nav aria-label=\"breadcrumbs\" class=\"rank-math-breadcrumb\"><p><span class=\"last\">Home<\/span><\/p><\/nav><\/div>\n\t\t\t\t\t\t<\/div>\n\t\t\t\t<\/div>\n\t\t\t\t\t<\/div>\n\t\t<\/div>\n\t\t\t\t\t<\/div>\n\t\t<\/section>\n\t\t\t\t<section class=\"has_eae_slider elementor-section elementor-top-section elementor-element elementor-element-daef6d7 elementor-section-boxed elementor-section-height-default elementor-section-height-default\" data-eae-slider=\"54945\" data-id=\"daef6d7\" data-element_type=\"section\" data-e-type=\"section\" data-settings=\"{&quot;_ha_eqh_enable&quot;:false}\">\n\t\t\t\t\t\t<div class=\"elementor-container elementor-column-gap-default\">\n\t\t\t\t\t<div class=\"has_eae_slider elementor-column elementor-col-50 elementor-top-column elementor-element elementor-element-61e5a5f\" data-eae-slider=\"40725\" data-id=\"61e5a5f\" data-element_type=\"column\" data-e-type=\"column\">\n\t\t\t<div class=\"elementor-widget-wrap elementor-element-populated\">\n\t\t\t\t\t\t<div class=\"elementor-element elementor-element-00a3957 elementor-widget elementor-widget-html\" data-id=\"00a3957\" data-element_type=\"widget\" data-e-type=\"widget\" data-widget_type=\"html.default\">\n\t\t\t\t<div class=\"elementor-widget-container\">\n\t\t\t\t\t<style>\r\n    .kvkk-card{\r\n  max-width:520px;\r\n  background:#fff;\r\n  border:1px solid rgba(0,0,0,.08);\r\n  border-radius:14px;\r\n  padding:18px 18px 16px;\r\n  box-shadow:0 14px 40px rgba(0,0,0,.08);\r\n}\r\n\r\n.kvkk-title{\r\n  margin:0 0 10px;\r\n  font-size:16px;\r\n  font-weight:700;\r\n  letter-spacing:.2px;\r\n  color:#1b1b1b;\r\n}\r\n\r\n.kvkk-list{\r\n  margin:0;\r\n  padding:0 0 0 18px;\r\n  display:grid;\r\n  gap:8px;\r\n}\r\n\r\n.kvkk-list li{\r\n  margin:0;\r\n  color:#4a4a4a;\r\n  line-height:1.35;\r\n  font-size:14px;\r\n}\r\n\r\n.kvkk-list a{\r\n  color:#6b7280;\r\n  text-decoration:none;\r\n  transition:color .15s ease, text-decoration-color .15s ease;\r\n}\r\n\r\n.kvkk-list a:hover{\r\n  color:#111827;\r\n  text-decoration:underline;\r\n  text-decoration-thickness:1px;\r\n  text-underline-offset:3px;\r\n}\r\n\r\n.kvkk-list a:focus-visible{\r\n  outline:2px solid rgba(17,24,39,.35);\r\n  outline-offset:3px;\r\n  border-radius:6px;\r\n}\r\n\r\n    \r\n<\/style>\r\n\r\n<div class=\"kvkk-card\">\r\n  <h3 class=\"kvkk-title\">PDPL<\/h3>\r\n  <ul class=\"kvkk-list\">\r\n    <li>\r\n      <a rel=\"nofollow noopener noreferrer\" href=\"https:\/\/ecemarble.com\/en\/supplier-disclosure-statement\/\" target=\"_blank\" rel=\"noopener\">\r\n        Supplier Disclosure Statement\r\n      <\/a>\r\n    <\/li>\r\n    <li>\r\n      <a rel=\"nofollow noopener noreferrer\" href=\"https:\/\/ecemarble.com\/en\/information-notice-customer\/\" target=\"_blank\" rel=\"noopener\">\r\n        Information Notice \u2013 Customer\r\n      <\/a>\r\n    <\/li>\r\n    <li>\r\n      <a rel=\"nofollow noopener noreferrer\" href=\"https:\/\/ecemarble.com\/en\/information-notice-regarding-security-cameras\/\" target=\"_blank\" rel=\"noopener\">\r\n        Information Notice Regarding Security Cameras\r\n      <\/a>\r\n    <\/li>\r\n    <li>\r\n      <a rel=\"nofollow noopener noreferrer\" href=\"https:\/\/ecemarble.com\/en\/contact-person-application-form\/\" target=\"_blank\" rel=\"noopener\">\r\n        Contact Person Application Form\r\n      <\/a>\r\n    <\/li>\r\n    <li>\r\n      <a rel=\"nofollow noopener noreferrer\" href=\"https:\/\/ecemarble.com\/en\/personal-data-protection-and-processing-policy\/\" target=\"_blank\" rel=\"noopener\">\r\n        Personal Data Protection and Processing Policy\r\n      <\/a>\r\n    <\/li>\r\n    <li>\r\n      <a rel=\"nofollow noopener noreferrer\" href=\"https:\/\/ecemarble.com\/en\/privacy-and-cookie-policy\/\" target=\"_blank\" rel=\"noopener\">\r\n        Privacy and Cookie Policy\r\n      <\/a>\r\n    <\/li>\r\n  <\/ul>\r\n<\/div>\r\n\t\t\t\t<\/div>\n\t\t\t\t<\/div>\n\t\t\t\t\t<\/div>\n\t\t<\/div>\n\t\t\t\t<div class=\"has_eae_slider elementor-column elementor-col-50 elementor-top-column elementor-element elementor-element-739ffa2\" data-eae-slider=\"72974\" data-id=\"739ffa2\" data-element_type=\"column\" data-e-type=\"column\">\n\t\t\t<div class=\"elementor-widget-wrap elementor-element-populated\">\n\t\t\t\t\t\t<div class=\"elementor-element elementor-element-895227f elementor-widget elementor-widget-text-editor\" data-id=\"895227f\" data-element_type=\"widget\" data-e-type=\"widget\" data-widget_type=\"text-editor.default\">\n\t\t\t\t<div class=\"elementor-widget-container\">\n\t\t\t\t\t\t\t\t\t<p class=\"MsoNormal\" style=\"margin-bottom: 0cm; text-align: center; line-height: normal;\" align=\"center\"><b><span style=\"font-size: 12.0pt; font-family: 'Calibri Light',sans-serif; mso-ascii-theme-font: major-latin; mso-hansi-theme-font: major-latin; mso-bidi-theme-font: major-latin;\">REGARDING THE PROTECTION AND PROCESSING OF PERSONAL DATA<\/span><\/b><\/p> <p class=\"MsoNormal\" style=\"margin-bottom: 0cm; text-align: center; line-height: normal;\" align=\"center\"><b><span style=\"font-size: 12.0pt; font-family: 'Calibri Light',sans-serif; mso-ascii-theme-font: major-latin; mso-hansi-theme-font: major-latin; mso-bidi-theme-font: major-latin;\">ECE MERMER TUR\u0130ZM SAN. VE T\u0130C.LTD. \u015eT\u0130.<\/span><\/b><\/p> <p class=\"MsoNormal\" style=\"margin-bottom: 0cm; text-align: center; line-height: normal;\" align=\"center\"><b><span style=\"font-size: 12.0pt; font-family: 'Calibri Light',sans-serif; mso-ascii-theme-font: major-latin; mso-fareast-font-family: 'Times New Roman'; mso-hansi-theme-font: major-latin; mso-bidi-theme-font: major-latin; color: #373a36; mso-fareast-language: TR;\">SUPPLIER INFORMATION NOTICE<\/span><\/b><\/p> <p class=\"MsoNormal\" style=\"margin-bottom: 0cm; text-align: center; line-height: normal;\" align=\"center\"><b><span style=\"font-size: 12.0pt; font-family: 'Calibri Light',sans-serif; mso-ascii-theme-font: major-latin; mso-fareast-font-family: 'Times New Roman'; mso-hansi-theme-font: major-latin; mso-bidi-theme-font: major-latin; color: #373a36; mso-fareast-language: TR;\"> <\/span><\/b><\/p> <p class=\"MsoNormal\"><i><span style=\"font-family: 'Calibri Light',sans-serif; mso-ascii-theme-font: major-latin; mso-hansi-theme-font: major-latin; mso-bidi-font-family: 'Times New Roman'; mso-bidi-theme-font: minor-bidi;\">This information notice has been prepared by <\/span><\/i><i><span style=\"font-family: 'Calibri Light',sans-serif; mso-ascii-theme-font: major-latin; mso-hansi-theme-font: major-latin; mso-bidi-theme-font: major-latin;\">ECE MERMER TUR\u0130ZM SAN. VE T\u0130C.LTD. \u015eT\u0130.<\/span><\/i><i><span style=\"font-family: 'Calibri Light',sans-serif; mso-ascii-theme-font: major-latin; mso-hansi-theme-font: major-latin; mso-bidi-font-family: 'Times New Roman'; mso-bidi-theme-font: minor-bidi;\"> (\u201c<\/span><\/i><i><span style=\"font-family: 'Calibri Light',sans-serif; mso-ascii-theme-font: major-latin; mso-hansi-theme-font: major-latin; mso-bidi-theme-font: major-latin;\">Company<\/span><\/i><i><span style=\"font-family: 'Calibri Light',sans-serif; mso-ascii-theme-font: major-latin; mso-hansi-theme-font: major-latin; mso-bidi-font-family: 'Times New Roman'; mso-bidi-theme-font: minor-bidi;\">\u201d) in the capacity of data controller, within the scope of Article 10 of the Law No. 6698 on the Protection of Personal Data and the Communiqu\u00e9 on the Procedures and Principles to be Followed in Fulfilling the Obligation to Inform.<\/span><\/i><\/p> <p class=\"MsoNormal\"><i><span style=\"font-family: 'Calibri Light',sans-serif; mso-ascii-theme-font: major-latin; mso-hansi-theme-font: major-latin; mso-bidi-font-family: 'Times New Roman'; mso-bidi-theme-font: minor-bidi;\">The Company aims to process the personal data of its suppliers in accordance with the Law No. 6698 on the Protection of Personal Data (\u201cKVK Law\u201d) and other applicable legislation.<\/span><\/i><\/p> <p class=\"MsoNormal\"><i><span style=\"font-family: 'Calibri Light',sans-serif; mso-ascii-theme-font: major-latin; mso-hansi-theme-font: major-latin; mso-bidi-font-family: 'Times New Roman'; mso-bidi-theme-font: minor-bidi;\">With this Information Notice, it has been adopted to maintain and improve the activities carried out by the Company in compliance with the principles set forth in the KVK Law.<\/span><\/i><\/p> <p class=\"MsoNormal\"><i><span style=\"font-family: 'Calibri Light',sans-serif; mso-ascii-theme-font: major-latin; mso-hansi-theme-font: major-latin; mso-bidi-font-family: 'Times New Roman'; mso-bidi-theme-font: minor-bidi;\">Personal data collected and used by our Company regarding suppliers are in particular as follows:<\/span><\/i><\/p> <table class=\"MsoTableGrid\" style=\"border: none; margin-left: 4.8pt; margin-right: 4.8pt;\" border=\"1\" cellspacing=\"0\" cellpadding=\"0\" align=\"left\"> <tbody> <tr> <td style=\"width: 226.55pt; border-width: 1pt; border-color: windowtext; padding: 0cm 5.4pt;\" valign=\"top\" width=\"302\"> <p class=\"MsoNormal\" style=\"margin-bottom: 0cm; line-height: normal;\"><i><span style=\"font-family: 'Calibri Light',sans-serif;\">Identity Data<\/span><\/i><\/p> <\/td> <td style=\"width: 226.55pt; border-top-width: 1pt; border-right-width: 1pt; border-bottom-width: 1pt; border-top-color: windowtext; border-right-color: windowtext; border-bottom-color: windowtext; border-left: none; padding: 0cm 5.4pt;\" valign=\"top\" width=\"302\"> <p class=\"MsoNormal\" style=\"margin-bottom: 0cm; line-height: normal;\"><i><span style=\"font-family: 'Calibri Light',sans-serif;\">Name-surname, Turkish ID number, signature<\/span><\/i><\/p> <\/td> <\/tr> <tr> <td style=\"width: 226.55pt; border-right-width: 1pt; border-bottom-width: 1pt; border-left-width: 1pt; border-right-color: windowtext; border-bottom-color: windowtext; border-left-color: windowtext; border-top: none; padding: 0cm 5.4pt;\" valign=\"top\" width=\"302\"> <p class=\"MsoNormal\" style=\"margin-bottom: 0cm; line-height: normal;\"><i><span style=\"font-family: 'Calibri Light',sans-serif;\">Contact Data<\/span><\/i><\/p> <\/td> <td style=\"width: 226.55pt; border-top: none; border-left: none; border-bottom-width: 1pt; border-bottom-color: windowtext; border-right-width: 1pt; border-right-color: windowtext; padding: 0cm 5.4pt;\" valign=\"top\" width=\"302\"> <p class=\"MsoNormal\" style=\"margin-bottom: 0cm; line-height: normal;\"><i><span style=\"font-family: 'Calibri Light',sans-serif;\">Phone number, address, e-mail address<\/span><\/i><\/p> <p class=\"MsoNormal\" style=\"margin-bottom: 0cm; line-height: normal;\"><i><span style=\"font-family: 'Calibri Light',sans-serif;\"> <\/span><\/i><\/p> <\/td> <\/tr> <tr> <td style=\"width: 226.55pt; border-right-width: 1pt; border-bottom-width: 1pt; border-left-width: 1pt; border-right-color: windowtext; border-bottom-color: windowtext; border-left-color: windowtext; border-top: none; padding: 0cm 5.4pt;\" valign=\"top\" width=\"302\"> <p class=\"MsoNormal\" style=\"margin-bottom: 0cm; line-height: normal;\"><i><span style=\"font-family: 'Calibri Light',sans-serif;\">Financial Data<\/span><\/i><\/p> <\/td> <td style=\"width: 226.55pt; border-top: none; border-left: none; border-bottom-width: 1pt; border-bottom-color: windowtext; border-right-width: 1pt; border-right-color: windowtext; padding: 0cm 5.4pt;\" valign=\"top\" width=\"302\"> <p class=\"MsoNormal\" style=\"margin-bottom: 0cm; line-height: normal;\"><i><span style=\"font-family: 'Calibri Light',sans-serif;\">Bank account details, IBAN number<\/span><\/i><\/p> <p class=\"MsoNormal\" style=\"margin-bottom: 0cm; line-height: normal;\"><i><span style=\"font-family: 'Calibri Light',sans-serif;\"> <\/span><\/i><\/p> <\/td> <\/tr> <\/tbody> <\/table> &nbsp; <p class=\"MsoNormal\" style=\"text-align: justify; line-height: 18pt;\"><i><span style=\"font-family: 'Calibri Light',sans-serif; color: black;\">Your personal data specified above are processed in any case in compliance with the law and the rules of good faith, by preserving the accuracy and the most up-to-date form of the personal data you have shared, for specific, explicit and lawful purposes, and in a manner that is relevant, limited and proportionate to the purpose for which they are processed.<\/span><\/i><\/p> <p class=\"MsoNormal\" style=\"text-align: justify; line-height: 18pt;\"><b><i><span style=\"font-family: 'Calibri Light',sans-serif; color: black;\">For What Purpose Personal Data Will Be Processed:<\/span><\/i><\/b><\/p> <p class=\"MsoNormal\" style=\"line-height: normal;\"><i><span style=\"font-family: 'Calibri Light',sans-serif; color: black;\">Your personal data are processed by our Company, limited to the purposes of procuring and monitoring supply services, conducting quality control and evaluation regarding service\/contract performance, carrying out finance and accounting activities, performing payment transactions and ensuring communication.<\/span><\/i><\/p> <p class=\"MsoNormal\" style=\"text-align: justify; line-height: 18pt;\"><b><i><span style=\"font-family: 'Calibri Light',sans-serif; color: black;\">To Whom and For What Purpose Processed Personal Data May Be Transferred:<\/span><\/i><\/b><\/p> <p class=\"MsoNormal\" style=\"text-align: justify; line-height: 18pt;\"><i><span style=\"font-family: 'Calibri Light',sans-serif;\">In this process, your personal data collected; may be transferred to institutions or organizations permitted by the Labor Law, the Turkish Commercial Code, the Tax Procedure Law, the Law No. 6698 on the Protection of Personal Data and other legislative provisions; to public legal entities such as the Personal Data Protection Authority, the Ministry of Finance, the Ministry of Customs and Trade, the Ministry of Labor and Social Security, the Information and Communication Technologies Authority, and to domestic\/foreign organizations that are our program partners and that are jointly and severally responsible with us for taking workplace security measures such as the storage of your personal data, prevention of unauthorized access and prevention of unlawful processing, with whom we have contracted to receive services and cooperate in order to carry out our activities as <\/span><\/i><i><span style=\"font-family: 'Calibri Light',sans-serif;\">ECE MERMER TUR\u0130ZM SAN. VE T\u0130C.LTD. \u015eT\u0130.<\/span><\/i><i><span style=\"font-family: 'Calibri Light',sans-serif;\">.<\/span><\/i><\/p> <p class=\"MsoNormal\"><b><i><span style=\"font-family: 'Calibri Light',sans-serif;\">Method and Legal Basis of Collecting Personal Data:<\/span><\/i><\/b><\/p> <p class=\"MsoNormal\" style=\"text-align: justify; line-height: 18pt;\"><i><span style=\"font-family: 'Calibri Light',sans-serif; color: black;\">Your personal data are collected in physical and electronic media for the purposes specified above, based on the legal grounds set forth in Articles 5 and 6 of the KVK Law; namely, that it is necessary to process the personal data of the parties to a contract provided that it is directly related to the establishment or performance of a contract, and that it is mandatory for the data controller to fulfill its legal obligation.<\/span><\/i><\/p> <p class=\"MsoNormal\"><i><span style=\"font-family: 'Calibri Light',sans-serif;\">Your personal data will be retained for the period specified in the relevant legislation or for a reasonable period until the purpose of processing ceases, and in any case for the statutory limitation periods.<\/span><\/i><\/p> <p class=\"MsoNormal\"><i><span style=\"font-family: 'Calibri Light',sans-serif;\">.<b> 4. Rights of the Supplier<\/b><\/span><\/i><\/p> <p class=\"MsoNormal\"><i><span style=\"font-family: 'Calibri Light',sans-serif;\">Pursuant to Article 11 of the KVK Law, by applying to our Company you may submit requests regarding your personal data on the following matters:<\/span><\/i><\/p> <ol start=\"1\" type=\"I\"> <li class=\"MsoNormal\" style=\"text-align: justify; line-height: 18pt;\"><i><span style=\"font-family: 'Calibri Light',sans-serif; color: black;\">Learning whether personal data are processed,<\/span><\/i><\/li> <li class=\"MsoNormal\" style=\"text-align: justify; line-height: 18pt;\"><i><span style=\"font-family: 'Calibri Light',sans-serif; color: black;\">Requesting information if personal data have been processed,<\/span><\/i><\/li> <li class=\"MsoNormal\" style=\"text-align: justify; line-height: 18pt;\"><i><span style=\"font-family: 'Calibri Light',sans-serif; color: black;\">Learning the purpose of processing personal data and whether they are used in accordance with their purpose,<\/span><\/i><\/li> <li class=\"MsoNormal\" style=\"text-align: justify; line-height: 18pt;\"><i><span style=\"font-family: 'Calibri Light',sans-serif; color: black;\">Knowing the third parties to whom personal data are transferred domestically or abroad,<\/span><\/i><\/li> <li class=\"MsoNormal\" style=\"text-align: justify; line-height: 18pt;\"><i><span style=\"font-family: 'Calibri Light',sans-serif; color: black;\">Requesting correction of personal data if they are processed incompletely or inaccurately and requesting notification of the transaction made within this scope to third parties to whom personal data are transferred,<\/span><\/i><\/li> <li class=\"MsoNormal\" style=\"text-align: justify; line-height: 18pt;\"><i><span style=\"font-family: 'Calibri Light',sans-serif; color: black;\">Requesting deletion or destruction of personal data in the event that the reasons requiring processing cease to exist, even though they have been processed in accordance with the Law No. 6698 and other relevant laws, and requesting notification of the transaction made within this scope to third parties to whom personal data are transferred,<\/span><\/i><\/li> <li class=\"MsoNormal\" style=\"text-align: justify; line-height: 18pt;\"><i><span style=\"font-family: 'Calibri Light',sans-serif; color: black;\">Objecting to the occurrence of a result against the data subject as a result of analyzing processed personal data exclusively through automated systems,<\/span><\/i><\/li> <li class=\"MsoNormal\" style=\"text-align: justify; line-height: 18pt;\"><i><span style=\"font-family: 'Calibri Light',sans-serif; color: black;\">Requesting compensation for damages in case personal data are processed unlawfully.<\/span><\/i><\/li> <\/ol> <p class=\"MsoNormal\" style=\"text-align: justify; line-height: 18pt;\"><b><i><span style=\"font-family: 'Calibri Light',sans-serif; color: black;\">Method of Submitting a Request:<\/span><\/i><\/b><\/p> <p class=\"MsoNormal\" style=\"text-align: justify; line-height: 18pt;\"><i><span style=\"font-size: 12.0pt; font-family: 'Calibri Light',sans-serif; color: black;\">According to the \u201cCommuniqu\u00e9 on the Procedures and Principles of Application to the Data Controller\u201d, you may submit your requests within the scope of Article 11 of the Law, which regulates the rights of the data subject, by filling in and signing the application form available on the Company\u2019s website and delivering\/notifying it in writing to the Company\u2019s address <\/span><\/i><i><span style=\"font-family: 'Calibri Light',sans-serif; color: black;\">G\u00dcRLEY\u0130K MAH.601 SOKAK NO:3\/1 HONAZ \/ DEN\u0130ZL\u0130<\/span><\/i><i><span style=\"font-size: 12.0pt; font-family: 'Calibri Light',sans-serif; color: black;\"> in person by proving your identity or via a notary public; or you may send it to our Company via the verified e-mail address through which your membership is confirmed, or via your Registered Electronic Mail (KEP) address. Depending on the nature of your request, your applications will be concluded free of charge as soon as possible and at the latest within 30 (thirty) days. However, if the transaction requires an additional cost, a fee may be charged according to the tariff to be determined by the Personal Data Protection Board. If the responses to applications exceed 10 (ten) pages, an administrative fee of 1.00 TL (one Turkish Lira) will be charged for each page. If it is requested that the response be provided on a recording medium such as CD or flash memory, a fee may be requested according to the cost of the requested recording medium.<\/span><\/i><\/p> <p class=\"MsoNormal\" style=\"text-align: justify; line-height: 18pt;\"><b><i><span style=\"font-family: 'Calibri Light',sans-serif; color: black;\">Changes:<\/span><\/i><\/b><\/p> <p class=\"MsoNormal\" style=\"text-align: justify; line-height: 18pt;\"><i><span style=\"font-family: 'Calibri Light',sans-serif; color: black;\">The information notice may be amended depending on changes in legislation. In case of any changes, necessary announcements will be made on our website, and it will be appropriate for you to visit our website regularly in order to be informed of such changes.<\/span><\/i><\/p> <p class=\"MsoNormal\" style=\"margin-bottom: 15pt; line-height: normal;\"><i><span style=\"font-family: 'Calibri Light',sans-serif;\"> <\/span><\/i><\/p>\t\t\t\t\t\t\t\t<\/div>\n\t\t\t\t<\/div>\n\t\t\t\t\t<\/div>\n\t\t<\/div>\n\t\t\t\t\t<\/div>\n\t\t<\/section>\n\t\t\t\t<\/div>\n\t\t","protected":false},"excerpt":{"rendered":"<p>PDPL PDPL Supplier Disclosure Statement Information Notice \u2013 Customer Information Notice Regarding Security Cameras Contact Person Application Form Personal Data Protection and Processing Policy Privacy and Cookie Policy REGARDING THE PROTECTION AND PROCESSING OF PERSONAL DATA ECE MERMER TUR\u0130ZM SAN. VE T\u0130C.LTD. \u015eT\u0130. SUPPLIER INFORMATION NOTICE This information notice has been prepared by ECE MERMER [&hellip;]<\/p>\n","protected":false},"author":1,"featured_media":0,"parent":0,"menu_order":0,"comment_status":"closed","ping_status":"closed","template":"","meta":{"footnotes":""},"class_list":["post-6242","page","type-page","status-publish","hentry"],"_links":{"self":[{"href":"https:\/\/ecemarble.com\/en\/wp-json\/wp\/v2\/pages\/6242","targetHints":{"allow":["GET"]}}],"collection":[{"href":"https:\/\/ecemarble.com\/en\/wp-json\/wp\/v2\/pages"}],"about":[{"href":"https:\/\/ecemarble.com\/en\/wp-json\/wp\/v2\/types\/page"}],"author":[{"embeddable":true,"href":"https:\/\/ecemarble.com\/en\/wp-json\/wp\/v2\/users\/1"}],"replies":[{"embeddable":true,"href":"https:\/\/ecemarble.com\/en\/wp-json\/wp\/v2\/comments?post=6242"}],"version-history":[{"count":10,"href":"https:\/\/ecemarble.com\/en\/wp-json\/wp\/v2\/pages\/6242\/revisions"}],"predecessor-version":[{"id":6472,"href":"https:\/\/ecemarble.com\/en\/wp-json\/wp\/v2\/pages\/6242\/revisions\/6472"}],"wp:attachment":[{"href":"https:\/\/ecemarble.com\/en\/wp-json\/wp\/v2\/media?parent=6242"}],"curies":[{"name":"wp","href":"https:\/\/api.w.org\/{rel}","templated":true}]}}