{"id":6218,"date":"2021-01-21T09:06:53","date_gmt":"2021-01-21T09:06:53","guid":{"rendered":"https:\/\/ecemarble.com\/factories\/"},"modified":"2026-01-13T10:47:59","modified_gmt":"2026-01-13T10:47:59","slug":"factories","status":"publish","type":"page","link":"https:\/\/ecemarble.com\/en\/factories\/","title":{"rendered":"FACTORIES"},"content":{"rendered":"\t\t<div data-elementor-type=\"wp-page\" data-elementor-id=\"6218\" class=\"elementor elementor-6218 elementor-91\" data-elementor-settings=\"{&quot;ha_cmc_init_switcher&quot;:&quot;no&quot;}\" data-elementor-post-type=\"page\">\n\t\t\t\t\t\t<section class=\"has_eae_slider elementor-section elementor-top-section elementor-element elementor-element-96e0258 elementor-section-boxed elementor-section-height-default elementor-section-height-default\" data-eae-slider=\"3336\" data-id=\"96e0258\" data-element_type=\"section\" data-e-type=\"section\" data-settings=\"{&quot;_ha_eqh_enable&quot;:false}\">\n\t\t\t\t\t\t<div class=\"elementor-container elementor-column-gap-default\">\n\t\t\t\t\t<div class=\"has_eae_slider elementor-column elementor-col-50 elementor-top-column elementor-element elementor-element-446336c\" data-eae-slider=\"66093\" data-id=\"446336c\" data-element_type=\"column\" data-e-type=\"column\">\n\t\t\t<div class=\"elementor-widget-wrap elementor-element-populated\">\n\t\t\t\t\t\t<div class=\"elementor-element elementor-element-770d214 elementor-widget elementor-widget-heading\" data-id=\"770d214\" data-element_type=\"widget\" data-e-type=\"widget\" data-widget_type=\"heading.default\">\n\t\t\t\t<div class=\"elementor-widget-container\">\n\t\t\t\t\t<h1 class=\"elementor-heading-title elementor-size-default\">Factories<\/h1>\t\t\t\t<\/div>\n\t\t\t\t<\/div>\n\t\t\t\t\t<\/div>\n\t\t<\/div>\n\t\t\t\t<div class=\"has_eae_slider elementor-column elementor-col-50 elementor-top-column elementor-element elementor-element-6a3032b\" data-eae-slider=\"71709\" data-id=\"6a3032b\" data-element_type=\"column\" data-e-type=\"column\">\n\t\t\t<div class=\"elementor-widget-wrap elementor-element-populated\">\n\t\t\t\t\t\t<div class=\"elementor-element elementor-element-df81e38 elementor-widget elementor-widget-shortcode\" data-id=\"df81e38\" data-element_type=\"widget\" data-e-type=\"widget\" id=\"category-breadcrumb\" data-widget_type=\"shortcode.default\">\n\t\t\t\t<div class=\"elementor-widget-container\">\n\t\t\t\t\t\t\t<div class=\"elementor-shortcode\"><nav aria-label=\"breadcrumbs\" class=\"rank-math-breadcrumb\"><p><span class=\"last\">Home<\/span><\/p><\/nav><\/div>\n\t\t\t\t\t\t<\/div>\n\t\t\t\t<\/div>\n\t\t\t\t\t<\/div>\n\t\t<\/div>\n\t\t\t\t\t<\/div>\n\t\t<\/section>\n\t\t\t\t<section class=\"has_eae_slider elementor-section elementor-top-section elementor-element elementor-element-36ca466 elementor-section-boxed elementor-section-height-default elementor-section-height-default\" data-eae-slider=\"30844\" data-id=\"36ca466\" data-element_type=\"section\" data-e-type=\"section\" id=\"fabrika-section-settings\" data-settings=\"{&quot;_ha_eqh_enable&quot;:false}\">\n\t\t\t\t\t\t<div class=\"elementor-container elementor-column-gap-default\">\n\t\t\t\t\t<div class=\"has_eae_slider elementor-column elementor-col-33 elementor-top-column elementor-element elementor-element-7913e3d\" data-eae-slider=\"80534\" data-id=\"7913e3d\" data-element_type=\"column\" data-e-type=\"column\">\n\t\t\t<div class=\"elementor-widget-wrap elementor-element-populated\">\n\t\t\t\t\t\t<div class=\"elementor-element elementor-element-5ecfb52 ha-card--top ha-card--tablet-top ha-card--mobile-top elementor-widget elementor-widget-ha-card happy-addon ha-card\" data-id=\"5ecfb52\" data-element_type=\"widget\" data-e-type=\"widget\" data-widget_type=\"ha-card.default\">\n\t\t\t\t<div class=\"elementor-widget-container\">\n\t\t\t\t\t\n\t\t\t\t\t<figure class=\"ha-card-figure\">\n\t\t\t\t<img fetchpriority=\"high\" decoding=\"async\" width=\"1986\" height=\"1021\" src=\"https:\/\/ecemarble.com\/wp-content\/uploads\/2025\/12\/denizli.webp\" class=\"attachment-full size-full wp-image-5758\" alt=\"\" srcset=\"https:\/\/ecemarble.com\/wp-content\/uploads\/2025\/12\/denizli.webp 1986w, https:\/\/ecemarble.com\/wp-content\/uploads\/2025\/12\/denizli-300x154.webp 300w, https:\/\/ecemarble.com\/wp-content\/uploads\/2025\/12\/denizli-1024x526.webp 1024w, https:\/\/ecemarble.com\/wp-content\/uploads\/2025\/12\/denizli-768x395.webp 768w, https:\/\/ecemarble.com\/wp-content\/uploads\/2025\/12\/denizli-1536x790.webp 1536w, https:\/\/ecemarble.com\/wp-content\/uploads\/2025\/12\/denizli-830x427.webp 830w, https:\/\/ecemarble.com\/wp-content\/uploads\/2025\/12\/denizli-230x118.webp 230w, https:\/\/ecemarble.com\/wp-content\/uploads\/2025\/12\/denizli-350x180.webp 350w, https:\/\/ecemarble.com\/wp-content\/uploads\/2025\/12\/denizli-480x247.webp 480w\" sizes=\"(max-width: 1986px) 100vw, 1986px\" \/>\t\t\t\t\t\t\t\t\t<div class=\"ha-badge ha-badge--top-right\">Ece Marble<\/div>\n\t\t\t\t\t\t\t<\/figure>\n\t\t\n\t\t<div class=\"ha-card-body\">\n\n\t\t\t<h2 class=\"ha-card-title\">Denizli<\/h2>\n\t\t\t\t\t\t\t<div class=\"ha-card-text\">\n\t\t\t\t\t<p>Ece Mermer is located in the Denizli Organized Industrial Zone, occupying a total area of 100,000 m\u00b2, comprising 20,000 m\u00b2 of indoor space and 80,000 m\u00b2 of outdoor space, with a stock of 500,000 m\u00b2 of tiles and 200,000 m\u00b2 of slab marble.\n\n<\/p>\n\t\t\t\t<\/div>\n\t\t\t\n\t\t\t<a rel=\"nofollow noopener noreferrer\" class=\"ha-btn\" href=\"https:\/\/ecemarble.com\/denizli\/\"><span class=\"ha-btn-text\">Read More<\/span><\/a>\t\t<\/div>\n\t\t\t\t\t\t<\/div>\n\t\t\t\t<\/div>\n\t\t\t\t\t<\/div>\n\t\t<\/div>\n\t\t\t\t<div class=\"has_eae_slider elementor-column elementor-col-33 elementor-top-column elementor-element elementor-element-04d9e04\" data-eae-slider=\"47181\" data-id=\"04d9e04\" data-element_type=\"column\" data-e-type=\"column\">\n\t\t\t<div class=\"elementor-widget-wrap elementor-element-populated\">\n\t\t\t\t\t\t<div class=\"elementor-element elementor-element-35b596c ha-card--top ha-card--tablet-top ha-card--mobile-top elementor-widget elementor-widget-ha-card happy-addon ha-card\" data-id=\"35b596c\" data-element_type=\"widget\" data-e-type=\"widget\" data-widget_type=\"ha-card.default\">\n\t\t\t\t<div class=\"elementor-widget-container\">\n\t\t\t\t\t\n\t\t\t\t\t<figure class=\"ha-card-figure\">\n\t\t\t\t<img fetchpriority=\"high\" decoding=\"async\" width=\"1986\" height=\"1021\" src=\"https:\/\/ecemarble.com\/wp-content\/uploads\/2025\/12\/denizli.webp\" class=\"attachment-full size-full wp-image-5758\" alt=\"\" srcset=\"https:\/\/ecemarble.com\/wp-content\/uploads\/2025\/12\/denizli.webp 1986w, https:\/\/ecemarble.com\/wp-content\/uploads\/2025\/12\/denizli-300x154.webp 300w, https:\/\/ecemarble.com\/wp-content\/uploads\/2025\/12\/denizli-1024x526.webp 1024w, https:\/\/ecemarble.com\/wp-content\/uploads\/2025\/12\/denizli-768x395.webp 768w, https:\/\/ecemarble.com\/wp-content\/uploads\/2025\/12\/denizli-1536x790.webp 1536w, https:\/\/ecemarble.com\/wp-content\/uploads\/2025\/12\/denizli-830x427.webp 830w, https:\/\/ecemarble.com\/wp-content\/uploads\/2025\/12\/denizli-230x118.webp 230w, https:\/\/ecemarble.com\/wp-content\/uploads\/2025\/12\/denizli-350x180.webp 350w, https:\/\/ecemarble.com\/wp-content\/uploads\/2025\/12\/denizli-480x247.webp 480w\" sizes=\"(max-width: 1986px) 100vw, 1986px\" \/>\t\t\t\t\t\t\t\t\t<div class=\"ha-badge ha-badge--top-right\">Ece Marble<\/div>\n\t\t\t\t\t\t\t<\/figure>\n\t\t\n\t\t<div class=\"ha-card-body\">\n\n\t\t\t<h2 class=\"ha-card-title\">Antalya<\/h2>\n\t\t\t\t\t\t\t<div class=\"ha-card-text\">\n\t\t\t\t\t<p>Ece Mermer, Denizli Organize Sanayi B\u00f6lgesi'nde, 20.000 m\u00b2 kapal\u0131 alan ve 80.000 m\u00b2 a\u00e7\u0131k alan olmak \u00fczere toplam 100.000 m\u00b2'lik bir alanda yer almaktad\u0131r ve 500.000 m\u00b2 fayans ve 200.000 m\u00b2 mermer levha sto\u011funa sahiptir.\n\n<\/p>\n\t\t\t\t<\/div>\n\t\t\t\n\t\t\t<a rel=\"nofollow noopener noreferrer\" class=\"ha-btn\" href=\"https:\/\/ecemarble.com\/antalya\/\"><span class=\"ha-btn-text\">Read More<\/span><\/a>\t\t<\/div>\n\t\t\t\t\t\t<\/div>\n\t\t\t\t<\/div>\n\t\t\t\t\t<\/div>\n\t\t<\/div>\n\t\t\t\t<div class=\"has_eae_slider elementor-column elementor-col-33 elementor-top-column elementor-element elementor-element-6d236ef\" data-eae-slider=\"86657\" data-id=\"6d236ef\" data-element_type=\"column\" data-e-type=\"column\">\n\t\t\t<div class=\"elementor-widget-wrap elementor-element-populated\">\n\t\t\t\t\t\t<div class=\"elementor-element elementor-element-0b50a6f ha-card--top ha-card--tablet-top ha-card--mobile-top elementor-widget elementor-widget-ha-card happy-addon ha-card\" data-id=\"0b50a6f\" data-element_type=\"widget\" data-e-type=\"widget\" data-widget_type=\"ha-card.default\">\n\t\t\t\t<div class=\"elementor-widget-container\">\n\t\t\t\t\t\n\t\t\t\t\t<figure class=\"ha-card-figure\">\n\t\t\t\t<img fetchpriority=\"high\" decoding=\"async\" width=\"1986\" height=\"1021\" src=\"https:\/\/ecemarble.com\/wp-content\/uploads\/2025\/12\/denizli.webp\" class=\"attachment-full size-full wp-image-5758\" alt=\"\" srcset=\"https:\/\/ecemarble.com\/wp-content\/uploads\/2025\/12\/denizli.webp 1986w, https:\/\/ecemarble.com\/wp-content\/uploads\/2025\/12\/denizli-300x154.webp 300w, https:\/\/ecemarble.com\/wp-content\/uploads\/2025\/12\/denizli-1024x526.webp 1024w, https:\/\/ecemarble.com\/wp-content\/uploads\/2025\/12\/denizli-768x395.webp 768w, https:\/\/ecemarble.com\/wp-content\/uploads\/2025\/12\/denizli-1536x790.webp 1536w, https:\/\/ecemarble.com\/wp-content\/uploads\/2025\/12\/denizli-830x427.webp 830w, https:\/\/ecemarble.com\/wp-content\/uploads\/2025\/12\/denizli-230x118.webp 230w, https:\/\/ecemarble.com\/wp-content\/uploads\/2025\/12\/denizli-350x180.webp 350w, https:\/\/ecemarble.com\/wp-content\/uploads\/2025\/12\/denizli-480x247.webp 480w\" sizes=\"(max-width: 1986px) 100vw, 1986px\" \/>\t\t\t\t\t\t\t\t\t<div class=\"ha-badge ha-badge--top-right\">Ece Marble<\/div>\n\t\t\t\t\t\t\t<\/figure>\n\t\t\n\t\t<div class=\"ha-card-body\">\n\n\t\t\t<h2 class=\"ha-card-title\">Aksaray<\/h2>\n\t\t\t\t\t\t\t<div class=\"ha-card-text\">\n\t\t\t\t\t<p>Ece Mermer is located within our Anatolian Gray quarry in Ortak\u00f6y, Aksaray, on a total area of 50,000m\u00b2, comprising 10,000m\u00b2 of covered space and 40,000m\u00b2 of open space, with a stock of 100,000m\u00b2 of slabs, 100,000m\u00b2 of tiles, and 10,000m\u00b3 of block granite.<\/p>\n\t\t\t\t<\/div>\n\t\t\t\n\t\t\t<a rel=\"nofollow noopener noreferrer\" class=\"ha-btn\" href=\"https:\/\/ecemarble.com\/aksaray\/\"><span class=\"ha-btn-text\">Read More<\/span><\/a>\t\t<\/div>\n\t\t\t\t\t\t<\/div>\n\t\t\t\t<\/div>\n\t\t\t\t\t<\/div>\n\t\t<\/div>\n\t\t\t\t\t<\/div>\n\t\t<\/section>\n\t\t\t\t<section class=\"has_eae_slider elementor-section elementor-top-section elementor-element elementor-element-3e3a886 elementor-section-boxed elementor-section-height-default elementor-section-height-default\" data-eae-slider=\"55785\" data-id=\"3e3a886\" data-element_type=\"section\" data-e-type=\"section\" data-settings=\"{&quot;background_background&quot;:&quot;classic&quot;,&quot;_ha_eqh_enable&quot;:false}\">\n\t\t\t\t\t\t\t<div class=\"elementor-background-overlay\"><\/div>\n\t\t\t\t\t\t\t<div class=\"elementor-container elementor-column-gap-default\">\n\t\t\t\t\t<div class=\"has_eae_slider elementor-column elementor-col-100 elementor-top-column elementor-element elementor-element-8c0ac0d\" data-eae-slider=\"25932\" data-id=\"8c0ac0d\" data-element_type=\"column\" data-e-type=\"column\">\n\t\t\t<div class=\"elementor-widget-wrap elementor-element-populated\">\n\t\t\t\t\t\t<div class=\"elementor-element elementor-element-829590b elementor-widget elementor-widget-heading\" data-id=\"829590b\" data-element_type=\"widget\" data-e-type=\"widget\" data-widget_type=\"heading.default\">\n\t\t\t\t<div class=\"elementor-widget-container\">\n\t\t\t\t\t<h2 class=\"elementor-heading-title elementor-size-default\">ECE MARBLE<\/h2>\t\t\t\t<\/div>\n\t\t\t\t<\/div>\n\t\t\t\t<div class=\"elementor-element elementor-element-5f36e11 elementor-align-center elementor-widget elementor-widget-button\" data-id=\"5f36e11\" data-element_type=\"widget\" data-e-type=\"widget\" data-widget_type=\"button.default\">\n\t\t\t\t<div class=\"elementor-widget-container\">\n\t\t\t\t\t\t\t\t\t<div class=\"elementor-button-wrapper\">\n\t\t\t\t\t<a rel=\"nofollow noopener noreferrer\" class=\"elementor-button elementor-button-link elementor-size-sm\" href=\"\/en\/contact\/\">\n\t\t\t\t\t\t<span class=\"elementor-button-content-wrapper\">\n\t\t\t\t\t\t\t\t\t<span class=\"elementor-button-text\">\u0130leti\u015fime Ge\u00e7<\/span>\n\t\t\t\t\t<\/span>\n\t\t\t\t\t<\/a>\n\t\t\t\t<\/div>\n\t\t\t\t\t\t\t\t<\/div>\n\t\t\t\t<\/div>\n\t\t\t\t\t<\/div>\n\t\t<\/div>\n\t\t\t\t\t<\/div>\n\t\t<\/section>\n\t\t\t\t<\/div>\n\t\t","protected":false},"excerpt":{"rendered":"<p>Factories Ece Marble Denizli Ece Mermer is located in the Denizli Organized Industrial Zone, occupying a total area of 100,000 m\u00b2, comprising 20,000 m\u00b2 of indoor space and 80,000 m\u00b2 of outdoor space, with a stock of 500,000 m\u00b2 of tiles and 200,000 m\u00b2 of slab marble. Read More Ece Marble Antalya Ece Mermer, Denizli [&hellip;]<\/p>\n","protected":false},"author":1,"featured_media":0,"parent":0,"menu_order":0,"comment_status":"closed","ping_status":"closed","template":"","meta":{"footnotes":""},"class_list":["post-6218","page","type-page","status-publish","hentry"],"_links":{"self":[{"href":"https:\/\/ecemarble.com\/en\/wp-json\/wp\/v2\/pages\/6218","targetHints":{"allow":["GET"]}}],"collection":[{"href":"https:\/\/ecemarble.com\/en\/wp-json\/wp\/v2\/pages"}],"about":[{"href":"https:\/\/ecemarble.com\/en\/wp-json\/wp\/v2\/types\/page"}],"author":[{"embeddable":true,"href":"https:\/\/ecemarble.com\/en\/wp-json\/wp\/v2\/users\/1"}],"replies":[{"embeddable":true,"href":"https:\/\/ecemarble.com\/en\/wp-json\/wp\/v2\/comments?post=6218"}],"version-history":[{"count":1,"href":"https:\/\/ecemarble.com\/en\/wp-json\/wp\/v2\/pages\/6218\/revisions"}],"predecessor-version":[{"id":6237,"href":"https:\/\/ecemarble.com\/en\/wp-json\/wp\/v2\/pages\/6218\/revisions\/6237"}],"wp:attachment":[{"href":"https:\/\/ecemarble.com\/en\/wp-json\/wp\/v2\/media?parent=6218"}],"curies":[{"name":"wp","href":"https:\/\/api.w.org\/{rel}","templated":true}]}}